{"id":4598,"date":"2021-05-30T19:49:11","date_gmt":"2021-05-30T23:49:11","guid":{"rendered":"http:\/\/si-51.com\/accueil-new\/"},"modified":"2022-07-22T14:22:07","modified_gmt":"2022-07-22T18:22:07","slug":"accueil-new","status":"publish","type":"page","link":"https:\/\/si-51.com\/en","title":{"rendered":"Accueil-New"},"content":{"rendered":"\t\t<div data-elementor-type=\"wp-page\" data-elementor-id=\"4598\" class=\"elementor elementor-4598 elementor-2997\" data-elementor-post-type=\"page\">\n\t\t\t\t\t\t<section class=\"elementor-section elementor-top-section elementor-element elementor-element-7efe0f4 elementor-section-boxed elementor-section-height-default elementor-section-height-default\" data-id=\"7efe0f4\" data-element_type=\"section\" data-settings=\"{&quot;background_background&quot;:&quot;classic&quot;}\">\n\t\t\t\t\t\t<div class=\"elementor-container elementor-column-gap-default\">\n\t\t\t\t\t<div class=\"elementor-column elementor-col-100 elementor-top-column elementor-element elementor-element-5687adf\" data-id=\"5687adf\" data-element_type=\"column\" data-settings=\"{&quot;background_background&quot;:&quot;classic&quot;,&quot;background_motion_fx_motion_fx_scrolling&quot;:&quot;yes&quot;,&quot;background_motion_fx_devices&quot;:[&quot;desktop&quot;,&quot;tablet&quot;,&quot;mobile&quot;]}\">\n\t\t\t<div class=\"elementor-widget-wrap elementor-element-populated\">\n\t\t\t\t\t\t<div class=\"elementor-element elementor-element-724ae44 elementor-widget elementor-widget-heading\" data-id=\"724ae44\" data-element_type=\"widget\" data-widget_type=\"heading.default\">\n\t\t\t\t<div class=\"elementor-widget-container\">\n\t\t\t\t\t<h1 class=\"elementor-heading-title elementor-size-default\">THE SOCIETY OF INVESTIGATION IS HIRING<\/h1>\t\t\t\t<\/div>\n\t\t\t\t<\/div>\n\t\t\t\t<div class=\"elementor-element elementor-element-a10a3ac elementor-widget elementor-widget-text-editor\" data-id=\"a10a3ac\" data-element_type=\"widget\" data-widget_type=\"text-editor.default\">\n\t\t\t\t<div class=\"elementor-widget-container\">\n\t\t\t\t\t\t\t\t\t<p>Become an Agent for the Society of Investigation!<br \/>Play alone or with a team, either at home or while strolling through the city to find clues.<\/p>\t\t\t\t\t\t\t\t<\/div>\n\t\t\t\t<\/div>\n\t\t\t\t<div class=\"elementor-element elementor-element-49010c8 elementor-align-center elementor-widget elementor-widget-button\" data-id=\"49010c8\" data-element_type=\"widget\" data-widget_type=\"button.default\">\n\t\t\t\t<div class=\"elementor-widget-container\">\n\t\t\t\t\t\t\t\t\t<div class=\"elementor-button-wrapper\">\n\t\t\t\t\t<a class=\"elementor-button elementor-button-link elementor-size-lg\" href=\"https:\/\/si-51.com\/en\/operations\">\n\t\t\t\t\t\t<span class=\"elementor-button-content-wrapper\">\n\t\t\t\t\t\t\t\t\t<span class=\"elementor-button-text\">TAKE PART IN THE OPERATION<\/span>\n\t\t\t\t\t<\/span>\n\t\t\t\t\t<\/a>\n\t\t\t\t<\/div>\n\t\t\t\t\t\t\t\t<\/div>\n\t\t\t\t<\/div>\n\t\t\t\t<div class=\"elementor-element elementor-element-c1ed91d elementor-widget elementor-widget-text-editor\" data-id=\"c1ed91d\" data-element_type=\"widget\" data-widget_type=\"text-editor.default\">\n\t\t\t\t<div class=\"elementor-widget-container\">\n\t\t\t\t\t\t\t\t\t<p>By the creators of<\/p>\t\t\t\t\t\t\t\t<\/div>\n\t\t\t\t<\/div>\n\t\t\t\t<div class=\"elementor-element elementor-element-76ed9cd elementor-widget elementor-widget-image\" data-id=\"76ed9cd\" data-element_type=\"widget\" data-widget_type=\"image.default\">\n\t\t\t\t<div class=\"elementor-widget-container\">\n\t\t\t\t\t\t\t\t\t\t\t\t\t\t\t<img decoding=\"async\" width=\"150\" height=\"150\" src=\"https:\/\/si-51.com\/wp-content\/uploads\/2021\/05\/adt-logo-blanc.png\" class=\"attachment-large size-large wp-image-4551\" alt=\"\" srcset=\"https:\/\/si-51.com\/wp-content\/uploads\/2021\/05\/adt-logo-blanc.png 150w, https:\/\/si-51.com\/wp-content\/uploads\/2021\/05\/adt-logo-blanc-100x100.png 100w\" sizes=\"(max-width: 150px) 100vw, 150px\" \/>\t\t\t\t\t\t\t\t\t\t\t\t\t\t\t<\/div>\n\t\t\t\t<\/div>\n\t\t\t\t\t<\/div>\n\t\t<\/div>\n\t\t\t\t\t<\/div>\n\t\t<\/section>\n\t\t\t\t<section class=\"elementor-section elementor-top-section elementor-element elementor-element-10a1961 elementor-section-boxed elementor-section-height-default elementor-section-height-default\" data-id=\"10a1961\" data-element_type=\"section\">\n\t\t\t\t\t\t<div class=\"elementor-container elementor-column-gap-default\">\n\t\t\t\t\t<div class=\"elementor-column elementor-col-100 elementor-top-column elementor-element elementor-element-4683227\" data-id=\"4683227\" data-element_type=\"column\">\n\t\t\t<div class=\"elementor-widget-wrap elementor-element-populated\">\n\t\t\t\t\t\t<div class=\"elementor-element elementor-element-164bfa9 elementor-widget elementor-widget-text-editor\" data-id=\"164bfa9\" data-element_type=\"widget\" data-widget_type=\"text-editor.default\">\n\t\t\t\t<div class=\"elementor-widget-container\">\n\t\t\t\t\t\t\t\t\t<p>The Society of investigation, more commonly known as the S.I., is on a mission to solve the most obscure of mysteries in order to protect the world&#8217;s population from many unsuspected threats, where all other agencies, institutions and secret services combined have failed.<\/p>\t\t\t\t\t\t\t\t<\/div>\n\t\t\t\t<\/div>\n\t\t\t\t\t<\/div>\n\t\t<\/div>\n\t\t\t\t\t<\/div>\n\t\t<\/section>\n\t\t\t\t<section class=\"elementor-section elementor-top-section elementor-element elementor-element-ee02c46 elementor-section-boxed elementor-section-height-default elementor-section-height-default\" data-id=\"ee02c46\" data-element_type=\"section\">\n\t\t\t\t\t\t<div class=\"elementor-container elementor-column-gap-default\">\n\t\t\t\t\t<div class=\"elementor-column elementor-col-50 elementor-top-column elementor-element elementor-element-8a5616a\" data-id=\"8a5616a\" data-element_type=\"column\">\n\t\t\t<div class=\"elementor-widget-wrap elementor-element-populated\">\n\t\t\t\t\t\t<div class=\"elementor-element elementor-element-6783114 elementor-widget elementor-widget-heading\" data-id=\"6783114\" data-element_type=\"widget\" data-widget_type=\"heading.default\">\n\t\t\t\t<div class=\"elementor-widget-container\">\n\t\t\t\t\t<h2 class=\"elementor-heading-title elementor-size-default\">MORE SECRET THAN THE CIA<\/h2>\t\t\t\t<\/div>\n\t\t\t\t<\/div>\n\t\t\t\t<div class=\"elementor-element elementor-element-f6e6992 elementor-widget elementor-widget-text-editor\" data-id=\"f6e6992\" data-element_type=\"widget\" data-widget_type=\"text-editor.default\">\n\t\t\t\t<div class=\"elementor-widget-container\">\n\t\t\t\t\t\t\t\t\t<p>The Society of Investigation: one of the most secret organisations in the world. It keeps very few written traces. For this reason, it is unknown precisely when it was founded.<\/p>\t\t\t\t\t\t\t\t<\/div>\n\t\t\t\t<\/div>\n\t\t\t\t\t<\/div>\n\t\t<\/div>\n\t\t\t\t<div class=\"elementor-column elementor-col-50 elementor-top-column elementor-element elementor-element-2be2180\" data-id=\"2be2180\" data-element_type=\"column\">\n\t\t\t<div class=\"elementor-widget-wrap elementor-element-populated\">\n\t\t\t\t\t\t<div class=\"elementor-element elementor-element-b7b0e0e elementor-widget elementor-widget-heading\" data-id=\"b7b0e0e\" data-element_type=\"widget\" data-widget_type=\"heading.default\">\n\t\t\t\t<div class=\"elementor-widget-container\">\n\t\t\t\t\t<h2 class=\"elementor-heading-title elementor-size-default\">MORE POWERFUL THAN THE FBI<\/h2>\t\t\t\t<\/div>\n\t\t\t\t<\/div>\n\t\t\t\t<div class=\"elementor-element elementor-element-eccf139 elementor-widget elementor-widget-text-editor\" data-id=\"eccf139\" data-element_type=\"widget\" data-widget_type=\"text-editor.default\">\n\t\t\t\t<div class=\"elementor-widget-container\">\n\t\t\t\t\t\t\t\t\t<p>The Society of Investigation: a vast web of agents and informants operating in the utmost secrecy in the four corners of the world.<\/p>\t\t\t\t\t\t\t\t<\/div>\n\t\t\t\t<\/div>\n\t\t\t\t\t<\/div>\n\t\t<\/div>\n\t\t\t\t\t<\/div>\n\t\t<\/section>\n\t\t\t\t<section class=\"elementor-section elementor-top-section elementor-element elementor-element-807390c elementor-section-boxed elementor-section-height-default elementor-section-height-default\" data-id=\"807390c\" data-element_type=\"section\">\n\t\t\t\t\t\t<div class=\"elementor-container elementor-column-gap-default\">\n\t\t\t\t\t<div class=\"elementor-column elementor-col-100 elementor-top-column elementor-element elementor-element-1d36820\" data-id=\"1d36820\" data-element_type=\"column\">\n\t\t\t<div class=\"elementor-widget-wrap elementor-element-populated\">\n\t\t\t\t\t\t<div class=\"elementor-element elementor-element-7c2bee1 elementor-align-center elementor-widget elementor-widget-button\" data-id=\"7c2bee1\" data-element_type=\"widget\" data-widget_type=\"button.default\">\n\t\t\t\t<div class=\"elementor-widget-container\">\n\t\t\t\t\t\t\t\t\t<div class=\"elementor-button-wrapper\">\n\t\t\t\t\t<a class=\"elementor-button elementor-button-link elementor-size-lg\" href=\"https:\/\/si-51.com\/en\/operations\/\">\n\t\t\t\t\t\t<span class=\"elementor-button-content-wrapper\">\n\t\t\t\t\t\t\t\t\t<span class=\"elementor-button-text\">DISCOVER OUR OPERATIONS<\/span>\n\t\t\t\t\t<\/span>\n\t\t\t\t\t<\/a>\n\t\t\t\t<\/div>\n\t\t\t\t\t\t\t\t<\/div>\n\t\t\t\t<\/div>\n\t\t\t\t\t<\/div>\n\t\t<\/div>\n\t\t\t\t\t<\/div>\n\t\t<\/section>\n\t\t\t\t<section class=\"elementor-section elementor-top-section elementor-element elementor-element-47701dcb elementor-section-height-min-height elementor-section-boxed elementor-section-height-default elementor-section-items-middle\" data-id=\"47701dcb\" data-element_type=\"section\" data-settings=\"{&quot;background_background&quot;:&quot;classic&quot;,&quot;background_motion_fx_motion_fx_scrolling&quot;:&quot;yes&quot;,&quot;background_motion_fx_devices&quot;:[&quot;desktop&quot;,&quot;tablet&quot;,&quot;mobile&quot;]}\">\n\t\t\t\t\t\t<div class=\"elementor-container elementor-column-gap-default\">\n\t\t\t\t\t<div class=\"elementor-column elementor-col-50 elementor-top-column elementor-element elementor-element-7dd81237\" data-id=\"7dd81237\" data-element_type=\"column\">\n\t\t\t<div class=\"elementor-widget-wrap\">\n\t\t\t\t\t\t\t<\/div>\n\t\t<\/div>\n\t\t\t\t<div class=\"elementor-column elementor-col-50 elementor-top-column elementor-element elementor-element-2e1155f1\" data-id=\"2e1155f1\" data-element_type=\"column\">\n\t\t\t<div class=\"elementor-widget-wrap elementor-element-populated\">\n\t\t\t\t\t\t<div class=\"elementor-element elementor-element-1873867 elementor-widget elementor-widget-image\" data-id=\"1873867\" data-element_type=\"widget\" data-widget_type=\"image.default\">\n\t\t\t\t<div class=\"elementor-widget-container\">\n\t\t\t\t\t\t\t\t\t\t\t\t\t\t\t<img fetchpriority=\"high\" decoding=\"async\" width=\"628\" height=\"304\" src=\"https:\/\/si-51.com\/wp-content\/uploads\/2022\/07\/Operation-EPARPILLE-TITRE.png\" class=\"attachment-large size-large wp-image-5112\" alt=\"\" srcset=\"https:\/\/si-51.com\/wp-content\/uploads\/2022\/07\/Operation-EPARPILLE-TITRE.png 628w, https:\/\/si-51.com\/wp-content\/uploads\/2022\/07\/Operation-EPARPILLE-TITRE-300x145.png 300w, https:\/\/si-51.com\/wp-content\/uploads\/2022\/07\/Operation-EPARPILLE-TITRE-600x290.png 600w\" sizes=\"(max-width: 628px) 100vw, 628px\" \/>\t\t\t\t\t\t\t\t\t\t\t\t\t\t\t<\/div>\n\t\t\t\t<\/div>\n\t\t\t\t<div class=\"elementor-element elementor-element-0470d2b elementor-widget elementor-widget-heading\" data-id=\"0470d2b\" data-element_type=\"widget\" data-widget_type=\"heading.default\">\n\t\t\t\t<div class=\"elementor-widget-container\">\n\t\t\t\t\t<h2 class=\"elementor-heading-title elementor-size-default\">THE SCATTERED SUPERNATURAL <\/h2>\t\t\t\t<\/div>\n\t\t\t\t<\/div>\n\t\t\t\t<div class=\"elementor-element elementor-element-48868bfd elementor-align-center elementor-widget elementor-widget-button\" data-id=\"48868bfd\" data-element_type=\"widget\" data-widget_type=\"button.default\">\n\t\t\t\t<div class=\"elementor-widget-container\">\n\t\t\t\t\t\t\t\t\t<div class=\"elementor-button-wrapper\">\n\t\t\t\t\t<a class=\"elementor-button elementor-button-link elementor-size-lg\" href=\"https:\/\/si-51.com\/en\/product\/leparpillee-paranormale\/\">\n\t\t\t\t\t\t<span class=\"elementor-button-content-wrapper\">\n\t\t\t\t\t\t\t\t\t<span class=\"elementor-button-text\">TAKE PART IN THE OPERATION<\/span>\n\t\t\t\t\t<\/span>\n\t\t\t\t\t<\/a>\n\t\t\t\t<\/div>\n\t\t\t\t\t\t\t\t<\/div>\n\t\t\t\t<\/div>\n\t\t\t\t\t<\/div>\n\t\t<\/div>\n\t\t\t\t\t<\/div>\n\t\t<\/section>\n\t\t\t\t<section class=\"elementor-section elementor-top-section elementor-element elementor-element-95f7b1c elementor-section-height-min-height elementor-section-boxed elementor-section-height-default elementor-section-items-middle\" data-id=\"95f7b1c\" data-element_type=\"section\" data-settings=\"{&quot;background_background&quot;:&quot;classic&quot;,&quot;background_motion_fx_motion_fx_scrolling&quot;:&quot;yes&quot;,&quot;background_motion_fx_devices&quot;:[&quot;desktop&quot;,&quot;tablet&quot;,&quot;mobile&quot;]}\">\n\t\t\t\t\t\t<div class=\"elementor-container elementor-column-gap-default\">\n\t\t\t\t\t<div class=\"elementor-column elementor-col-50 elementor-top-column elementor-element elementor-element-5b02c32\" data-id=\"5b02c32\" data-element_type=\"column\">\n\t\t\t<div class=\"elementor-widget-wrap\">\n\t\t\t\t\t\t\t<\/div>\n\t\t<\/div>\n\t\t\t\t<div class=\"elementor-column elementor-col-50 elementor-top-column elementor-element elementor-element-7f5ec76\" data-id=\"7f5ec76\" data-element_type=\"column\">\n\t\t\t<div class=\"elementor-widget-wrap elementor-element-populated\">\n\t\t\t\t\t\t<div class=\"elementor-element elementor-element-bdde253 elementor-widget elementor-widget-image\" data-id=\"bdde253\" data-element_type=\"widget\" data-widget_type=\"image.default\">\n\t\t\t\t<div class=\"elementor-widget-container\">\n\t\t\t\t\t\t\t\t\t\t\t\t\t\t\t<img decoding=\"async\" width=\"628\" height=\"304\" src=\"https:\/\/si-51.com\/wp-content\/uploads\/2022\/06\/Operation-SPECTRE-TITRE-EN.png\" class=\"attachment-large size-large wp-image-4821\" alt=\"\" srcset=\"https:\/\/si-51.com\/wp-content\/uploads\/2022\/06\/Operation-SPECTRE-TITRE-EN.png 628w, https:\/\/si-51.com\/wp-content\/uploads\/2022\/06\/Operation-SPECTRE-TITRE-EN-300x145.png 300w, https:\/\/si-51.com\/wp-content\/uploads\/2022\/06\/Operation-SPECTRE-TITRE-EN-600x290.png 600w\" sizes=\"(max-width: 628px) 100vw, 628px\" \/>\t\t\t\t\t\t\t\t\t\t\t\t\t\t\t<\/div>\n\t\t\t\t<\/div>\n\t\t\t\t<div class=\"elementor-element elementor-element-300869e elementor-align-center elementor-widget elementor-widget-button\" data-id=\"300869e\" data-element_type=\"widget\" data-widget_type=\"button.default\">\n\t\t\t\t<div class=\"elementor-widget-container\">\n\t\t\t\t\t\t\t\t\t<div class=\"elementor-button-wrapper\">\n\t\t\t\t\t<a class=\"elementor-button elementor-button-link elementor-size-lg\" href=\"https:\/\/si-51.com\/en\/product\/the-spectres-of-st-roch\/\">\n\t\t\t\t\t\t<span class=\"elementor-button-content-wrapper\">\n\t\t\t\t\t\t\t\t\t<span class=\"elementor-button-text\">TAKE PART IN THE OPERATION<\/span>\n\t\t\t\t\t<\/span>\n\t\t\t\t\t<\/a>\n\t\t\t\t<\/div>\n\t\t\t\t\t\t\t\t<\/div>\n\t\t\t\t<\/div>\n\t\t\t\t\t<\/div>\n\t\t<\/div>\n\t\t\t\t\t<\/div>\n\t\t<\/section>\n\t\t\t\t<\/div>\n\t\t","protected":false},"excerpt":{"rendered":"<p>THE SOCIETY OF INVESTIGATION IS HIRING Become an Agent for the Society of Investigation!Play alone or with a team, either at home or while strolling through the city to find clues. TAKE PART IN THE OPERATION By the creators of The Society of investigation, more commonly known as the S.I., is on a mission to [&hellip;]<\/p>\n","protected":false},"author":2,"featured_media":0,"parent":0,"menu_order":0,"comment_status":"closed","ping_status":"closed","template":"","meta":{"footnotes":""},"class_list":["post-4598","page","type-page","status-publish","hentry"],"yoast_head":"<!-- This site is optimized with the Yoast SEO plugin v25.5 - https:\/\/yoast.com\/wordpress\/plugins\/seo\/ -->\n<title>Jeu d\u2019\u00e9vasion en ligne ou urbain par les cr\u00e9ateurs d\u2019\u00c0 Double Tour<\/title>\n<meta name=\"description\" content=\"Deviens un Agent de la Soci\u00e9t\u00e9 d\u2019Investigation! Joue en solo ou en \u00e9quipe depuis chez toi ou en parcourant la ville \u00e0 la recherche d\u2019indices.\" \/>\n<meta name=\"robots\" content=\"index, follow, max-snippet:-1, max-image-preview:large, max-video-preview:-1\" \/>\n<link rel=\"canonical\" href=\"https:\/\/si-51.com\/en\" \/>\n<meta property=\"og:locale\" content=\"en_US\" \/>\n<meta property=\"og:type\" content=\"article\" \/>\n<meta property=\"og:title\" content=\"Jeu d\u2019\u00e9vasion en ligne ou urbain par les cr\u00e9ateurs d\u2019\u00c0 Double Tour\" \/>\n<meta property=\"og:description\" content=\"Deviens un Agent de la Soci\u00e9t\u00e9 d\u2019Investigation! Joue en solo ou en \u00e9quipe depuis chez toi ou en parcourant la ville \u00e0 la recherche d\u2019indices.\" \/>\n<meta property=\"og:url\" content=\"https:\/\/si-51.com\/en\" \/>\n<meta property=\"og:site_name\" content=\"Soci\u00e9t\u00e9 d&#039;investigation\" \/>\n<meta property=\"article:modified_time\" content=\"2022-07-22T18:22:07+00:00\" \/>\n<meta property=\"og:image\" content=\"http:\/\/si-51.com\/wp-content\/uploads\/2021\/05\/adt-logo-blanc.png\" \/>\n<meta name=\"twitter:card\" content=\"summary_large_image\" \/>\n<meta name=\"twitter:label1\" content=\"Est. reading time\" \/>\n\t<meta name=\"twitter:data1\" content=\"2 minutes\" \/>\n<script type=\"application\/ld+json\" class=\"yoast-schema-graph\">{\"@context\":\"https:\/\/schema.org\",\"@graph\":[{\"@type\":\"WebPage\",\"@id\":\"https:\/\/si-51.com\/en\",\"url\":\"https:\/\/si-51.com\/en\",\"name\":\"Jeu d\u2019\u00e9vasion en ligne ou urbain par les cr\u00e9ateurs d\u2019\u00c0 Double Tour\",\"isPartOf\":{\"@id\":\"https:\/\/si-51.com\/en#website\"},\"primaryImageOfPage\":{\"@id\":\"https:\/\/si-51.com\/en#primaryimage\"},\"image\":{\"@id\":\"https:\/\/si-51.com\/en#primaryimage\"},\"thumbnailUrl\":\"http:\/\/si-51.com\/wp-content\/uploads\/2021\/05\/adt-logo-blanc.png\",\"datePublished\":\"2021-05-30T23:49:11+00:00\",\"dateModified\":\"2022-07-22T18:22:07+00:00\",\"description\":\"Deviens un Agent de la Soci\u00e9t\u00e9 d\u2019Investigation! Joue en solo ou en \u00e9quipe depuis chez toi ou en parcourant la ville \u00e0 la recherche d\u2019indices.\",\"breadcrumb\":{\"@id\":\"https:\/\/si-51.com\/en#breadcrumb\"},\"inLanguage\":\"en-CA\",\"potentialAction\":[{\"@type\":\"ReadAction\",\"target\":[\"https:\/\/si-51.com\/en\"]}]},{\"@type\":\"ImageObject\",\"inLanguage\":\"en-CA\",\"@id\":\"https:\/\/si-51.com\/en#primaryimage\",\"url\":\"http:\/\/si-51.com\/wp-content\/uploads\/2021\/05\/adt-logo-blanc.png\",\"contentUrl\":\"http:\/\/si-51.com\/wp-content\/uploads\/2021\/05\/adt-logo-blanc.png\"},{\"@type\":\"BreadcrumbList\",\"@id\":\"https:\/\/si-51.com\/en#breadcrumb\",\"itemListElement\":[{\"@type\":\"ListItem\",\"position\":1,\"name\":\"Accueil\",\"item\":\"https:\/\/si-51.com\/en\"},{\"@type\":\"ListItem\",\"position\":2,\"name\":\"Accueil-New\"}]},{\"@type\":\"WebSite\",\"@id\":\"https:\/\/si-51.com\/en#website\",\"url\":\"https:\/\/si-51.com\/en\",\"name\":\"Soci\u00e9t\u00e9 d&#039;investigation\",\"description\":\"Un site utilisant WordPress\",\"publisher\":{\"@id\":\"https:\/\/si-51.com\/en#organization\"},\"inLanguage\":\"en-CA\"},{\"@type\":\"Organization\",\"@id\":\"https:\/\/si-51.com\/en#organization\",\"name\":\"Soci\u00e9t\u00e9 d&#039;investigation\",\"url\":\"https:\/\/si-51.com\/en\",\"logo\":{\"@type\":\"ImageObject\",\"inLanguage\":\"en-CA\",\"@id\":\"https:\/\/si-51.com\/en#\/schema\/logo\/image\/\",\"url\":\"https:\/\/si-51.com\/wp-content\/uploads\/2020\/05\/logo-home.png\",\"contentUrl\":\"https:\/\/si-51.com\/wp-content\/uploads\/2020\/05\/logo-home.png\",\"width\":202,\"height\":207,\"caption\":\"Soci\u00e9t\u00e9 d&#039;investigation\"},\"image\":{\"@id\":\"https:\/\/si-51.com\/en#\/schema\/logo\/image\/\"}}]}<\/script>\n<!-- \/ Yoast SEO plugin. -->","yoast_head_json":{"title":"Jeu d\u2019\u00e9vasion en ligne ou urbain par les cr\u00e9ateurs d\u2019\u00c0 Double Tour","description":"Deviens un Agent de la Soci\u00e9t\u00e9 d\u2019Investigation! Joue en solo ou en \u00e9quipe depuis chez toi ou en parcourant la ville \u00e0 la recherche d\u2019indices.","robots":{"index":"index","follow":"follow","max-snippet":"max-snippet:-1","max-image-preview":"max-image-preview:large","max-video-preview":"max-video-preview:-1"},"canonical":"https:\/\/si-51.com\/en","og_locale":"en_US","og_type":"article","og_title":"Jeu d\u2019\u00e9vasion en ligne ou urbain par les cr\u00e9ateurs d\u2019\u00c0 Double Tour","og_description":"Deviens un Agent de la Soci\u00e9t\u00e9 d\u2019Investigation! Joue en solo ou en \u00e9quipe depuis chez toi ou en parcourant la ville \u00e0 la recherche d\u2019indices.","og_url":"https:\/\/si-51.com\/en","og_site_name":"Soci\u00e9t\u00e9 d&#039;investigation","article_modified_time":"2022-07-22T18:22:07+00:00","og_image":[{"url":"http:\/\/si-51.com\/wp-content\/uploads\/2021\/05\/adt-logo-blanc.png","type":"","width":"","height":""}],"twitter_card":"summary_large_image","twitter_misc":{"Est. reading time":"2 minutes"},"schema":{"@context":"https:\/\/schema.org","@graph":[{"@type":"WebPage","@id":"https:\/\/si-51.com\/en","url":"https:\/\/si-51.com\/en","name":"Jeu d\u2019\u00e9vasion en ligne ou urbain par les cr\u00e9ateurs d\u2019\u00c0 Double Tour","isPartOf":{"@id":"https:\/\/si-51.com\/en#website"},"primaryImageOfPage":{"@id":"https:\/\/si-51.com\/en#primaryimage"},"image":{"@id":"https:\/\/si-51.com\/en#primaryimage"},"thumbnailUrl":"http:\/\/si-51.com\/wp-content\/uploads\/2021\/05\/adt-logo-blanc.png","datePublished":"2021-05-30T23:49:11+00:00","dateModified":"2022-07-22T18:22:07+00:00","description":"Deviens un Agent de la Soci\u00e9t\u00e9 d\u2019Investigation! Joue en solo ou en \u00e9quipe depuis chez toi ou en parcourant la ville \u00e0 la recherche d\u2019indices.","breadcrumb":{"@id":"https:\/\/si-51.com\/en#breadcrumb"},"inLanguage":"en-CA","potentialAction":[{"@type":"ReadAction","target":["https:\/\/si-51.com\/en"]}]},{"@type":"ImageObject","inLanguage":"en-CA","@id":"https:\/\/si-51.com\/en#primaryimage","url":"http:\/\/si-51.com\/wp-content\/uploads\/2021\/05\/adt-logo-blanc.png","contentUrl":"http:\/\/si-51.com\/wp-content\/uploads\/2021\/05\/adt-logo-blanc.png"},{"@type":"BreadcrumbList","@id":"https:\/\/si-51.com\/en#breadcrumb","itemListElement":[{"@type":"ListItem","position":1,"name":"Accueil","item":"https:\/\/si-51.com\/en"},{"@type":"ListItem","position":2,"name":"Accueil-New"}]},{"@type":"WebSite","@id":"https:\/\/si-51.com\/en#website","url":"https:\/\/si-51.com\/en","name":"Soci\u00e9t\u00e9 d&#039;investigation","description":"Un site utilisant WordPress","publisher":{"@id":"https:\/\/si-51.com\/en#organization"},"inLanguage":"en-CA"},{"@type":"Organization","@id":"https:\/\/si-51.com\/en#organization","name":"Soci\u00e9t\u00e9 d&#039;investigation","url":"https:\/\/si-51.com\/en","logo":{"@type":"ImageObject","inLanguage":"en-CA","@id":"https:\/\/si-51.com\/en#\/schema\/logo\/image\/","url":"https:\/\/si-51.com\/wp-content\/uploads\/2020\/05\/logo-home.png","contentUrl":"https:\/\/si-51.com\/wp-content\/uploads\/2020\/05\/logo-home.png","width":202,"height":207,"caption":"Soci\u00e9t\u00e9 d&#039;investigation"},"image":{"@id":"https:\/\/si-51.com\/en#\/schema\/logo\/image\/"}}]}},"_links":{"self":[{"href":"https:\/\/si-51.com\/en\/wp-json\/wp\/v2\/pages\/4598","targetHints":{"allow":["GET"]}}],"collection":[{"href":"https:\/\/si-51.com\/en\/wp-json\/wp\/v2\/pages"}],"about":[{"href":"https:\/\/si-51.com\/en\/wp-json\/wp\/v2\/types\/page"}],"author":[{"embeddable":true,"href":"https:\/\/si-51.com\/en\/wp-json\/wp\/v2\/users\/2"}],"replies":[{"embeddable":true,"href":"https:\/\/si-51.com\/en\/wp-json\/wp\/v2\/comments?post=4598"}],"version-history":[{"count":0,"href":"https:\/\/si-51.com\/en\/wp-json\/wp\/v2\/pages\/4598\/revisions"}],"wp:attachment":[{"href":"https:\/\/si-51.com\/en\/wp-json\/wp\/v2\/media?parent=4598"}],"curies":[{"name":"wp","href":"https:\/\/api.w.org\/{rel}","templated":true}]}}