{"id":4600,"date":"2020-05-30T21:32:22","date_gmt":"2020-05-31T01:32:22","guid":{"rendered":"http:\/\/si-51.com\/les-missions\/"},"modified":"2022-06-29T10:18:59","modified_gmt":"2022-06-29T14:18:59","slug":"les-missions","status":"publish","type":"page","link":"https:\/\/si-51.com\/en\/les-missions","title":{"rendered":"The operations"},"content":{"rendered":"\t\t<div data-elementor-type=\"wp-page\" data-elementor-id=\"4600\" class=\"elementor elementor-4600 elementor-45\" data-elementor-post-type=\"page\">\n\t\t\t\t\t\t<section class=\"elementor-section elementor-top-section elementor-element elementor-element-2641e3d elementor-section-boxed elementor-section-height-default elementor-section-height-default\" data-id=\"2641e3d\" data-element_type=\"section\" data-e-type=\"section\">\n\t\t\t\t\t\t<div class=\"elementor-container elementor-column-gap-default\">\n\t\t\t\t\t<div class=\"elementor-column elementor-col-100 elementor-top-column elementor-element elementor-element-f61ea48\" data-id=\"f61ea48\" data-element_type=\"column\" data-e-type=\"column\">\n\t\t\t<div class=\"elementor-widget-wrap elementor-element-populated\">\n\t\t\t\t\t\t<div class=\"elementor-element elementor-element-8d3442b elementor-widget elementor-widget-page-header\" data-id=\"8d3442b\" data-element_type=\"widget\" data-e-type=\"widget\" data-widget_type=\"page-header.default\">\n\t\t\t\t<div class=\"elementor-widget-container\">\n\t\t\t\t\t\n        <section class=\"page-header\" style=\"\n                            background-position: top right;\n                        background-image: url('http:\/\/si-51.com\/wp-content\/uploads\/2020\/05\/siteoperation-phenix-scaled.jpg');\">\n            <div class=\"page-wrapper\">\n                            <\/div>\n        <\/section>\n\n        \t\t\t\t<\/div>\n\t\t\t\t<\/div>\n\t\t\t\t\t<\/div>\n\t\t<\/div>\n\t\t\t\t\t<\/div>\n\t\t<\/section>\n\t\t\t\t<section class=\"elementor-section elementor-top-section elementor-element elementor-element-6a43731 elementor-section-boxed elementor-section-height-default elementor-section-height-default\" data-id=\"6a43731\" data-element_type=\"section\" data-e-type=\"section\">\n\t\t\t\t\t\t<div class=\"elementor-container elementor-column-gap-default\">\n\t\t\t\t\t<div class=\"elementor-column elementor-col-100 elementor-top-column elementor-element elementor-element-91c54db\" data-id=\"91c54db\" data-element_type=\"column\" data-e-type=\"column\">\n\t\t\t<div class=\"elementor-widget-wrap elementor-element-populated\">\n\t\t\t\t\t\t<div class=\"elementor-element elementor-element-cba3046 bloc-les-missions elementor-widget elementor-widget-page-cestquoi\" data-id=\"cba3046\" data-element_type=\"widget\" data-e-type=\"widget\" data-widget_type=\"page-cestquoi.default\">\n\t\t\t\t<div class=\"elementor-widget-container\">\n\t\t\t\t\t\n        <section class=\"page-cestquoi section-wrapper\">\n            <div class=\"page-wrapper\">\n                <div class=\"right-wrapper\">\n                    <h1>L\u2019Op\u00e9ration Ph\u00e9nix (De retour \u00e0 l'\u00c9t\u00e9 2021)<\/h1>\n                    <h2>C\u2019est quoi?<\/h2>\n                    <div><p><span style=\"font-weight: 400;\">La Soci\u00e9t\u00e9 d\u2019Investigation, commun\u00e9ment appel\u00e9e la S.I., a pour mission de r\u00e9soudre les myst\u00e8res les plus obscurs. Sa mission? Prot\u00e9ger la population mondiale de menaces insoup\u00e7onn\u00e9es l\u00e0 o\u00f9 toutes les autres agences de la plan\u00e8te ont \u00e9chou\u00e9.<\/span><\/p><p><span style=\"font-weight: 400;\">Il y a quelques ann\u00e9es, un \u00e9v\u00e8nement marquant a forc\u00e9 tous les agents \u00e0 suivre le Protocole Fant\u00f4me. Celui-ci consiste \u00e0 ce que tous les agents mettent fin \u00e0 leur affiliation avec la S.I.<\/span><\/p><p><span style=\"font-weight: 400;\">Ils ont donc disparu de la carte en laissant un code \u00e0 la S.I. pour les recontacter en cas d'extr\u00eame urgence. \u00c0 l'issue de cette proc\u00e9dure, la S.I. s'est dissoute et tous les dossiers ont \u00e9t\u00e9 verrouill\u00e9s.<\/span><\/p><p><span style=\"font-weight: 400;\">\u00c0 une \u00e9poque o\u00f9 les conspirations farfelues, les fausses nouvelles et la manipulation de masse font des ravages et exposent les vuln\u00e9rabilit\u00e9s de notre tissu social, d\u2019anciennes menaces que l\u2019on croyait enray\u00e9es depuis longtemps resurgissent. Le temps est venu d\u2019envoyer un \u00e9lectrochoc et de r\u00e9veiller les agents dormants de la S.I.. afin de contrer le retour de ces fl\u00e9aux.\u00a0<\/span><\/p><p><span style=\"font-weight: 400;\">Agent, que vous soyez v\u00e9t\u00e9ran ou nouvelle recrue, bienvenue au sein de La Soci\u00e9t\u00e9 d\u2019Investigation!<\/span><\/p><p><span style=\"font-weight: 400;\">Une premi\u00e8re op\u00e9ration vous attend\u2026\u00a0<\/span><\/p><\/div>\n                    <h3>De ses cendres, la SI rena\u00eetra.<\/h3>\n                    <h4>Une premi\u00e8re op\u00e9ration vous attend...<\/h4>\n                    <a href=\"http:\/\/si-51.com\/inscription\/\" class=\"btn-light\">S'inscrire<\/a>\n                <\/div>\n            <\/div>\n        <\/section>\n\n        \t\t\t\t<\/div>\n\t\t\t\t<\/div>\n\t\t\t\t<div class=\"elementor-element elementor-element-b49226f elementor-widget elementor-widget-menu-anchor\" data-id=\"b49226f\" data-element_type=\"widget\" data-e-type=\"widget\" data-widget_type=\"menu-anchor.default\">\n\t\t\t\t<div class=\"elementor-widget-container\">\n\t\t\t\t\t\t\t<div class=\"elementor-menu-anchor\" id=\"calendrier\"><\/div>\n\t\t\t\t\t\t<\/div>\n\t\t\t\t<\/div>\n\t\t\t\t\t<\/div>\n\t\t<\/div>\n\t\t\t\t\t<\/div>\n\t\t<\/section>\n\t\t\t\t<section class=\"elementor-section elementor-top-section elementor-element elementor-element-37fad36 elementor-section-boxed elementor-section-height-default elementor-section-height-default\" data-id=\"37fad36\" data-element_type=\"section\" data-e-type=\"section\">\n\t\t\t\t\t\t<div class=\"elementor-container elementor-column-gap-default\">\n\t\t\t\t\t<div class=\"elementor-column elementor-col-100 elementor-top-column elementor-element elementor-element-791608f\" data-id=\"791608f\" data-element_type=\"column\" data-e-type=\"column\">\n\t\t\t<div class=\"elementor-widget-wrap\">\n\t\t\t\t\t\t\t<\/div>\n\t\t<\/div>\n\t\t\t\t\t<\/div>\n\t\t<\/section>\n\t\t\t\t<\/div>\n\t\t","protected":false},"excerpt":{"rendered":"<p>L\u2019Op\u00e9ration Ph\u00e9nix (De retour \u00e0 l&#8217;\u00c9t\u00e9 2021) C\u2019est quoi? La Soci\u00e9t\u00e9 d\u2019Investigation, commun\u00e9ment appel\u00e9e la S.I., a pour mission de r\u00e9soudre les myst\u00e8res les plus obscurs. Sa mission? Prot\u00e9ger la population mondiale de menaces insoup\u00e7onn\u00e9es l\u00e0 o\u00f9 toutes les autres agences de la plan\u00e8te ont \u00e9chou\u00e9. Il y a quelques ann\u00e9es, un \u00e9v\u00e8nement marquant a [&hellip;]<\/p>\n","protected":false},"author":2,"featured_media":0,"parent":0,"menu_order":0,"comment_status":"closed","ping_status":"closed","template":"","meta":{"footnotes":""},"class_list":["post-4600","page","type-page","status-publish","hentry"],"yoast_head":"<!-- This site is optimized with the Yoast SEO plugin v25.5 - https:\/\/yoast.com\/wordpress\/plugins\/seo\/ -->\n<title>The operations - Soci\u00e9t\u00e9 d&#039;investigation<\/title>\n<meta name=\"robots\" content=\"index, follow, max-snippet:-1, max-image-preview:large, max-video-preview:-1\" \/>\n<link rel=\"canonical\" href=\"https:\/\/si-51.com\/en\/les-missions\" \/>\n<meta property=\"og:locale\" content=\"en_US\" \/>\n<meta property=\"og:type\" content=\"article\" \/>\n<meta property=\"og:title\" content=\"The operations - Soci\u00e9t\u00e9 d&#039;investigation\" \/>\n<meta property=\"og:description\" content=\"L\u2019Op\u00e9ration Ph\u00e9nix (De retour \u00e0 l&#8217;\u00c9t\u00e9 2021) C\u2019est quoi? La Soci\u00e9t\u00e9 d\u2019Investigation, commun\u00e9ment appel\u00e9e la S.I., a pour mission de r\u00e9soudre les myst\u00e8res les plus obscurs. Sa mission? Prot\u00e9ger la population mondiale de menaces insoup\u00e7onn\u00e9es l\u00e0 o\u00f9 toutes les autres agences de la plan\u00e8te ont \u00e9chou\u00e9. Il y a quelques ann\u00e9es, un \u00e9v\u00e8nement marquant a [&hellip;]\" \/>\n<meta property=\"og:url\" content=\"https:\/\/si-51.com\/en\/les-missions\" \/>\n<meta property=\"og:site_name\" content=\"Soci\u00e9t\u00e9 d&#039;investigation\" \/>\n<meta property=\"article:modified_time\" content=\"2022-06-29T14:18:59+00:00\" \/>\n<meta name=\"twitter:card\" content=\"summary_large_image\" \/>\n<meta name=\"twitter:label1\" content=\"Est. reading time\" \/>\n\t<meta name=\"twitter:data1\" content=\"2 minutes\" \/>\n<script type=\"application\/ld+json\" class=\"yoast-schema-graph\">{\"@context\":\"https:\/\/schema.org\",\"@graph\":[{\"@type\":\"WebPage\",\"@id\":\"https:\/\/si-51.com\/en\/les-missions\",\"url\":\"https:\/\/si-51.com\/en\/les-missions\",\"name\":\"The operations - Soci\u00e9t\u00e9 d&#039;investigation\",\"isPartOf\":{\"@id\":\"https:\/\/si-51.com\/en#website\"},\"datePublished\":\"2020-05-31T01:32:22+00:00\",\"dateModified\":\"2022-06-29T14:18:59+00:00\",\"breadcrumb\":{\"@id\":\"https:\/\/si-51.com\/en\/les-missions#breadcrumb\"},\"inLanguage\":\"en-CA\",\"potentialAction\":[{\"@type\":\"ReadAction\",\"target\":[\"https:\/\/si-51.com\/en\/les-missions\"]}]},{\"@type\":\"BreadcrumbList\",\"@id\":\"https:\/\/si-51.com\/en\/les-missions#breadcrumb\",\"itemListElement\":[{\"@type\":\"ListItem\",\"position\":1,\"name\":\"Accueil\",\"item\":\"https:\/\/si-51.com\/en\"},{\"@type\":\"ListItem\",\"position\":2,\"name\":\"The operations\"}]},{\"@type\":\"WebSite\",\"@id\":\"https:\/\/si-51.com\/en#website\",\"url\":\"https:\/\/si-51.com\/en\",\"name\":\"Soci\u00e9t\u00e9 d&#039;investigation\",\"description\":\"Un site utilisant WordPress\",\"publisher\":{\"@id\":\"https:\/\/si-51.com\/en#organization\"},\"inLanguage\":\"en-CA\"},{\"@type\":\"Organization\",\"@id\":\"https:\/\/si-51.com\/en#organization\",\"name\":\"Soci\u00e9t\u00e9 d&#039;investigation\",\"url\":\"https:\/\/si-51.com\/en\",\"logo\":{\"@type\":\"ImageObject\",\"inLanguage\":\"en-CA\",\"@id\":\"https:\/\/si-51.com\/en#\/schema\/logo\/image\/\",\"url\":\"https:\/\/si-51.com\/wp-content\/uploads\/2020\/05\/logo-home.png\",\"contentUrl\":\"https:\/\/si-51.com\/wp-content\/uploads\/2020\/05\/logo-home.png\",\"width\":202,\"height\":207,\"caption\":\"Soci\u00e9t\u00e9 d&#039;investigation\"},\"image\":{\"@id\":\"https:\/\/si-51.com\/en#\/schema\/logo\/image\/\"}}]}<\/script>\n<!-- \/ Yoast SEO plugin. -->","yoast_head_json":{"title":"The operations - Soci\u00e9t\u00e9 d&#039;investigation","robots":{"index":"index","follow":"follow","max-snippet":"max-snippet:-1","max-image-preview":"max-image-preview:large","max-video-preview":"max-video-preview:-1"},"canonical":"https:\/\/si-51.com\/en\/les-missions","og_locale":"en_US","og_type":"article","og_title":"The operations - Soci\u00e9t\u00e9 d&#039;investigation","og_description":"L\u2019Op\u00e9ration Ph\u00e9nix (De retour \u00e0 l&#8217;\u00c9t\u00e9 2021) C\u2019est quoi? La Soci\u00e9t\u00e9 d\u2019Investigation, commun\u00e9ment appel\u00e9e la S.I., a pour mission de r\u00e9soudre les myst\u00e8res les plus obscurs. Sa mission? Prot\u00e9ger la population mondiale de menaces insoup\u00e7onn\u00e9es l\u00e0 o\u00f9 toutes les autres agences de la plan\u00e8te ont \u00e9chou\u00e9. Il y a quelques ann\u00e9es, un \u00e9v\u00e8nement marquant a [&hellip;]","og_url":"https:\/\/si-51.com\/en\/les-missions","og_site_name":"Soci\u00e9t\u00e9 d&#039;investigation","article_modified_time":"2022-06-29T14:18:59+00:00","twitter_card":"summary_large_image","twitter_misc":{"Est. reading time":"2 minutes"},"schema":{"@context":"https:\/\/schema.org","@graph":[{"@type":"WebPage","@id":"https:\/\/si-51.com\/en\/les-missions","url":"https:\/\/si-51.com\/en\/les-missions","name":"The operations - Soci\u00e9t\u00e9 d&#039;investigation","isPartOf":{"@id":"https:\/\/si-51.com\/en#website"},"datePublished":"2020-05-31T01:32:22+00:00","dateModified":"2022-06-29T14:18:59+00:00","breadcrumb":{"@id":"https:\/\/si-51.com\/en\/les-missions#breadcrumb"},"inLanguage":"en-CA","potentialAction":[{"@type":"ReadAction","target":["https:\/\/si-51.com\/en\/les-missions"]}]},{"@type":"BreadcrumbList","@id":"https:\/\/si-51.com\/en\/les-missions#breadcrumb","itemListElement":[{"@type":"ListItem","position":1,"name":"Accueil","item":"https:\/\/si-51.com\/en"},{"@type":"ListItem","position":2,"name":"The operations"}]},{"@type":"WebSite","@id":"https:\/\/si-51.com\/en#website","url":"https:\/\/si-51.com\/en","name":"Soci\u00e9t\u00e9 d&#039;investigation","description":"Un site utilisant WordPress","publisher":{"@id":"https:\/\/si-51.com\/en#organization"},"inLanguage":"en-CA"},{"@type":"Organization","@id":"https:\/\/si-51.com\/en#organization","name":"Soci\u00e9t\u00e9 d&#039;investigation","url":"https:\/\/si-51.com\/en","logo":{"@type":"ImageObject","inLanguage":"en-CA","@id":"https:\/\/si-51.com\/en#\/schema\/logo\/image\/","url":"https:\/\/si-51.com\/wp-content\/uploads\/2020\/05\/logo-home.png","contentUrl":"https:\/\/si-51.com\/wp-content\/uploads\/2020\/05\/logo-home.png","width":202,"height":207,"caption":"Soci\u00e9t\u00e9 d&#039;investigation"},"image":{"@id":"https:\/\/si-51.com\/en#\/schema\/logo\/image\/"}}]}},"_links":{"self":[{"href":"https:\/\/si-51.com\/en\/wp-json\/wp\/v2\/pages\/4600","targetHints":{"allow":["GET"]}}],"collection":[{"href":"https:\/\/si-51.com\/en\/wp-json\/wp\/v2\/pages"}],"about":[{"href":"https:\/\/si-51.com\/en\/wp-json\/wp\/v2\/types\/page"}],"author":[{"embeddable":true,"href":"https:\/\/si-51.com\/en\/wp-json\/wp\/v2\/users\/2"}],"replies":[{"embeddable":true,"href":"https:\/\/si-51.com\/en\/wp-json\/wp\/v2\/comments?post=4600"}],"version-history":[{"count":0,"href":"https:\/\/si-51.com\/en\/wp-json\/wp\/v2\/pages\/4600\/revisions"}],"wp:attachment":[{"href":"https:\/\/si-51.com\/en\/wp-json\/wp\/v2\/media?parent=4600"}],"curies":[{"name":"wp","href":"https:\/\/api.w.org\/{rel}","templated":true}]}}