{"id":4603,"date":"2021-05-26T10:35:49","date_gmt":"2021-05-26T15:35:49","guid":{"rendered":"http:\/\/si-51.com\/operation-phenix-adonis\/"},"modified":"2021-05-26T10:35:49","modified_gmt":"2021-05-26T15:35:49","slug":"operation-phenix-adonis","status":"publish","type":"page","link":"https:\/\/si-51.com\/en\/operation-phenix-adonis","title":{"rendered":"Op\u00e9ration Ph\u00e9nix &#8211; ADONIS"},"content":{"rendered":"\t\t<div data-elementor-type=\"wp-page\" data-elementor-id=\"4603\" class=\"elementor elementor-4603 elementor-2671\" data-elementor-post-type=\"page\">\n\t\t\t\t\t\t<section class=\"elementor-section elementor-top-section elementor-element elementor-element-656bbb1 elementor-section-boxed elementor-section-height-default elementor-section-height-default\" data-id=\"656bbb1\" data-element_type=\"section\" data-e-type=\"section\">\n\t\t\t\t\t\t<div class=\"elementor-container elementor-column-gap-default\">\n\t\t\t\t\t\t<\/div>\n\t\t<\/section>\n\t\t\t\t<section class=\"elementor-section elementor-top-section elementor-element elementor-element-c079318 elementor-section-boxed elementor-section-height-default elementor-section-height-default\" data-id=\"c079318\" data-element_type=\"section\" data-e-type=\"section\">\n\t\t\t\t\t\t<div class=\"elementor-container elementor-column-gap-default\">\n\t\t\t\t\t\t<\/div>\n\t\t<\/section>\n\t\t\t\t<section class=\"elementor-section elementor-top-section elementor-element elementor-element-75d83f3a elementor-section-boxed elementor-section-height-default elementor-section-height-default\" data-id=\"75d83f3a\" data-element_type=\"section\" data-e-type=\"section\">\n\t\t\t\t\t\t<div class=\"elementor-container elementor-column-gap-default\">\n\t\t\t\t\t\t<\/div>\n\t\t<\/section>\n\t\t\t\t<section class=\"elementor-section elementor-top-section elementor-element elementor-element-6a09906 elementor-section-boxed elementor-section-height-default elementor-section-height-default\" data-id=\"6a09906\" data-element_type=\"section\" data-e-type=\"section\">\n\t\t\t\t\t\t<div class=\"elementor-container elementor-column-gap-default\">\n\t\t\t\t\t<div class=\"elementor-column elementor-col-100 elementor-top-column elementor-element elementor-element-59bf499\" data-id=\"59bf499\" data-element_type=\"column\" data-e-type=\"column\">\n\t\t\t<div class=\"elementor-widget-wrap elementor-element-populated\">\n\t\t\t\t\t\t<div class=\"elementor-element elementor-element-24f45c2 elementor-widget elementor-widget-page-header\" data-id=\"24f45c2\" data-element_type=\"widget\" data-e-type=\"widget\" data-widget_type=\"page-header.default\">\n\t\t\t\t<div class=\"elementor-widget-container\">\n\t\t\t\t\t\n        <section class=\"page-header\" style=\"\n                            background-position: top right;\n                        background-image: url('http:\/\/si-51.com\/wp-content\/uploads\/2020\/05\/siteoperation-phenix-scaled.jpg');\">\n            <div class=\"page-wrapper\">\n                            <\/div>\n        <\/section>\n\n        \t\t\t\t<\/div>\n\t\t\t\t<\/div>\n\t\t\t\t<div class=\"elementor-element elementor-element-ebcf467 bloc-les-missions elementor-widget elementor-widget-page-cestquoi\" data-id=\"ebcf467\" data-element_type=\"widget\" data-e-type=\"widget\" data-widget_type=\"page-cestquoi.default\">\n\t\t\t\t<div class=\"elementor-widget-container\">\n\t\t\t\t\t\n        <section class=\"page-cestquoi section-wrapper\">\n            <div class=\"page-wrapper\">\n                <div class=\"right-wrapper\">\n                    <h1>Op\u00e9ration Ph\u00e9nix - ADONIS<\/h1>\n                    <h2>C\u2019est quoi?<\/h2>\n                    <div><p>Pendant des ann\u00e9es, la Soci\u00e9t\u00e9 D\u2019Investigation a su percer les plus grands myst\u00e8res du monde antique et moderne. Jouissant d\u2019un bassin d\u2019agents des plus vifs et astucieux, rien ne pouvait demeurer dans l\u2019ombre bien longtemps si la S.I. y d\u00e9ployait des ressources.<\/p><p>Avec le temps et la venue des nouvelles technologies, la pertinence de la S.I. commen\u00e7a \u00e0 s\u2019effriter, et aujourd\u2019hui, l\u2019organisation n\u2019est plus que l\u2019ombre de sa gloire pass\u00e9e. Plusieurs forces de l\u2019ombres ont profit\u00e9 de ces circonstances pour \u00e9merger \u00e0 nouveau.<\/p><p>Le temps est venu pour la S.I. de rena\u00eetre de ses cendres, gr\u00e2ce \u00e0 l\u2019Op\u00e9ration Ph\u00e9nix !<br \/><br \/>Sous le volet ADONIS, vous serez charg\u00e9s de retracer deux agents aux talents irrempla\u00e7ables, connus sous le nom de code TAG et POKER. Le premier est un agent de terrain, une force brute qui n\u2019a pas froid aux yeux, l\u2019autre est un habile ma\u00eetre du d\u00e9guisement, cam\u00e9l\u00e9on social capable de se fondre dans la foule et infiltrer les forteresses les plus infranchissables.<\/p><p>Il s\u2019agit d\u2019une activit\u00e9 purement \u00e0 domicile. Nul besoin de vous d\u00e9placer, quoi qu\u2019il soit possible que vous ayez \u00e0 surfer sur le web afin de d\u00e9couvrir des pistes ! Votre esprit de d\u00e9duction, votre logique et vos connaissances des lieux phares de la Ville de Qu\u00e9bec seront mises \u00e0 l\u2019\u00e9preuve, tout \u00e7a dans le confort de votre maison.<\/p><p>L\u2019Op\u00e9ration Ph\u00e9nix, c\u2019est \u00e9galement une interface intuitive, un champ de r\u00e9ponse large et un syst\u00e8me d\u2019indices adapt\u00e9 \u00e0 votre niveau d'exp\u00e9rience !<\/p><h2>\u00c0 qui s\u2019adresse l\u2019Op\u00e9ration?<\/h2><p>\u00c0 toute personne, \u00e2g\u00e9e de 10 ans et plus, qui est mordue de jeux d\u2019\u00e9vasion, mais aussi aux fans de films d\u2019espionnage et aux curieux qui d\u00e9sirent d\u00e9couvrir la ville de Qu\u00e9bec.<\/p><p>C\u2019est ta premi\u00e8re Op\u00e9ration au sein de la S.I ? Aucun probl\u00e8me ! Cette intrigue est compl\u00e8tement ind\u00e9pendante, en plus d\u2019\u00eatre un excellent challenge ! C'est une occasion en or de faire vos premiers pas dans l'univers virtuel de la S.I. Quant aux v\u00e9t\u00e9rans, c'est une bonne fa\u00e7on de maintenir vos m\u00e9ninges en bonne sant\u00e9 tout en baignant dans un univers visuel des plus immersifs !<\/p><h2>Je paye pour quoi ?<\/h2><p>Pour 17.40$+tx, tu obtiens :<\/p><p>-Entre 1 et 3h de jeu (pour 1 \u00e0 3 personnes). Le tout, s\u00e9par\u00e9 en deux volets afin de te permettre de suivre ton propre rythme !<\/p><p>-Une exp\u00e9rience immersive \u00e0 domicile qui vous transportera virtuellement \u00e0 diff\u00e9rents lieux, autant aux alentours de la ville de Qu\u00e9bec qu\u2019ailleurs dans le monde !<\/p><p>-Derri\u00e8re cette s\u00e9rie d\u2019\u00e9nigmes se cache \u00e9galement des bribes d\u2019histoires qui vous permettront de d\u00e9couvrir les origines de la Soci\u00e9t\u00e9 d\u2019Investigation ainsi que ses agents sp\u00e9ciaux.<\/p><p>-La chance de d\u00e9fier tes amis et te p\u00e9ter les bretelles en comparant vos scores !<\/p><\/div>\n                    <h3><\/h3>\n                    <h4><\/h4>\n                    <a href=\"http:\/\/si-51.com\/inscription\/\" class=\"btn-light\">S'inscrire<\/a>\n                <\/div>\n            <\/div>\n        <\/section>\n\n        \t\t\t\t<\/div>\n\t\t\t\t<\/div>\n\t\t\t\t\t<\/div>\n\t\t<\/div>\n\t\t\t\t\t<\/div>\n\t\t<\/section>\n\t\t\t\t<\/div>\n\t\t","protected":false},"excerpt":{"rendered":"<p>Op\u00e9ration Ph\u00e9nix &#8211; ADONIS C\u2019est quoi? Pendant des ann\u00e9es, la Soci\u00e9t\u00e9 D\u2019Investigation a su percer les plus grands myst\u00e8res du monde antique et moderne. Jouissant d\u2019un bassin d\u2019agents des plus vifs et astucieux, rien ne pouvait demeurer dans l\u2019ombre bien longtemps si la S.I. y d\u00e9ployait des ressources. Avec le temps et la venue des [&hellip;]<\/p>\n","protected":false},"author":3,"featured_media":0,"parent":0,"menu_order":0,"comment_status":"closed","ping_status":"closed","template":"","meta":{"footnotes":""},"class_list":["post-4603","page","type-page","status-publish","hentry"],"yoast_head":"<!-- This site is optimized with the Yoast SEO plugin v25.5 - https:\/\/yoast.com\/wordpress\/plugins\/seo\/ -->\n<title>Op\u00e9ration Ph\u00e9nix - ADONIS - Soci\u00e9t\u00e9 d&#039;investigation<\/title>\n<meta name=\"robots\" content=\"index, follow, max-snippet:-1, max-image-preview:large, max-video-preview:-1\" \/>\n<link rel=\"canonical\" href=\"https:\/\/si-51.com\/en\/operation-phenix-adonis\" \/>\n<meta property=\"og:locale\" content=\"en_US\" \/>\n<meta property=\"og:type\" content=\"article\" \/>\n<meta property=\"og:title\" content=\"Op\u00e9ration Ph\u00e9nix - ADONIS - Soci\u00e9t\u00e9 d&#039;investigation\" \/>\n<meta property=\"og:description\" content=\"Op\u00e9ration Ph\u00e9nix &#8211; ADONIS C\u2019est quoi? Pendant des ann\u00e9es, la Soci\u00e9t\u00e9 D\u2019Investigation a su percer les plus grands myst\u00e8res du monde antique et moderne. Jouissant d\u2019un bassin d\u2019agents des plus vifs et astucieux, rien ne pouvait demeurer dans l\u2019ombre bien longtemps si la S.I. y d\u00e9ployait des ressources. Avec le temps et la venue des [&hellip;]\" \/>\n<meta property=\"og:url\" content=\"https:\/\/si-51.com\/en\/operation-phenix-adonis\" \/>\n<meta property=\"og:site_name\" content=\"Soci\u00e9t\u00e9 d&#039;investigation\" \/>\n<meta name=\"twitter:card\" content=\"summary_large_image\" \/>\n<meta name=\"twitter:label1\" content=\"Est. reading time\" \/>\n\t<meta name=\"twitter:data1\" content=\"2 minutes\" \/>\n<script type=\"application\/ld+json\" class=\"yoast-schema-graph\">{\"@context\":\"https:\/\/schema.org\",\"@graph\":[{\"@type\":\"WebPage\",\"@id\":\"https:\/\/si-51.com\/en\/operation-phenix-adonis\",\"url\":\"https:\/\/si-51.com\/en\/operation-phenix-adonis\",\"name\":\"Op\u00e9ration Ph\u00e9nix - ADONIS - Soci\u00e9t\u00e9 d&#039;investigation\",\"isPartOf\":{\"@id\":\"https:\/\/si-51.com\/en#website\"},\"datePublished\":\"2021-05-26T15:35:49+00:00\",\"breadcrumb\":{\"@id\":\"https:\/\/si-51.com\/en\/operation-phenix-adonis#breadcrumb\"},\"inLanguage\":\"en-CA\",\"potentialAction\":[{\"@type\":\"ReadAction\",\"target\":[\"https:\/\/si-51.com\/en\/operation-phenix-adonis\"]}]},{\"@type\":\"BreadcrumbList\",\"@id\":\"https:\/\/si-51.com\/en\/operation-phenix-adonis#breadcrumb\",\"itemListElement\":[{\"@type\":\"ListItem\",\"position\":1,\"name\":\"Accueil\",\"item\":\"https:\/\/si-51.com\/en\"},{\"@type\":\"ListItem\",\"position\":2,\"name\":\"Op\u00e9ration Ph\u00e9nix &#8211; ADONIS\"}]},{\"@type\":\"WebSite\",\"@id\":\"https:\/\/si-51.com\/en#website\",\"url\":\"https:\/\/si-51.com\/en\",\"name\":\"Soci\u00e9t\u00e9 d&#039;investigation\",\"description\":\"Un site utilisant WordPress\",\"publisher\":{\"@id\":\"https:\/\/si-51.com\/en#organization\"},\"inLanguage\":\"en-CA\"},{\"@type\":\"Organization\",\"@id\":\"https:\/\/si-51.com\/en#organization\",\"name\":\"Soci\u00e9t\u00e9 d&#039;investigation\",\"url\":\"https:\/\/si-51.com\/en\",\"logo\":{\"@type\":\"ImageObject\",\"inLanguage\":\"en-CA\",\"@id\":\"https:\/\/si-51.com\/en#\/schema\/logo\/image\/\",\"url\":\"https:\/\/si-51.com\/wp-content\/uploads\/2020\/05\/logo-home.png\",\"contentUrl\":\"https:\/\/si-51.com\/wp-content\/uploads\/2020\/05\/logo-home.png\",\"width\":202,\"height\":207,\"caption\":\"Soci\u00e9t\u00e9 d&#039;investigation\"},\"image\":{\"@id\":\"https:\/\/si-51.com\/en#\/schema\/logo\/image\/\"}}]}<\/script>\n<!-- \/ Yoast SEO plugin. -->","yoast_head_json":{"title":"Op\u00e9ration Ph\u00e9nix - ADONIS - Soci\u00e9t\u00e9 d&#039;investigation","robots":{"index":"index","follow":"follow","max-snippet":"max-snippet:-1","max-image-preview":"max-image-preview:large","max-video-preview":"max-video-preview:-1"},"canonical":"https:\/\/si-51.com\/en\/operation-phenix-adonis","og_locale":"en_US","og_type":"article","og_title":"Op\u00e9ration Ph\u00e9nix - ADONIS - Soci\u00e9t\u00e9 d&#039;investigation","og_description":"Op\u00e9ration Ph\u00e9nix &#8211; ADONIS C\u2019est quoi? Pendant des ann\u00e9es, la Soci\u00e9t\u00e9 D\u2019Investigation a su percer les plus grands myst\u00e8res du monde antique et moderne. Jouissant d\u2019un bassin d\u2019agents des plus vifs et astucieux, rien ne pouvait demeurer dans l\u2019ombre bien longtemps si la S.I. y d\u00e9ployait des ressources. Avec le temps et la venue des [&hellip;]","og_url":"https:\/\/si-51.com\/en\/operation-phenix-adonis","og_site_name":"Soci\u00e9t\u00e9 d&#039;investigation","twitter_card":"summary_large_image","twitter_misc":{"Est. reading time":"2 minutes"},"schema":{"@context":"https:\/\/schema.org","@graph":[{"@type":"WebPage","@id":"https:\/\/si-51.com\/en\/operation-phenix-adonis","url":"https:\/\/si-51.com\/en\/operation-phenix-adonis","name":"Op\u00e9ration Ph\u00e9nix - ADONIS - Soci\u00e9t\u00e9 d&#039;investigation","isPartOf":{"@id":"https:\/\/si-51.com\/en#website"},"datePublished":"2021-05-26T15:35:49+00:00","breadcrumb":{"@id":"https:\/\/si-51.com\/en\/operation-phenix-adonis#breadcrumb"},"inLanguage":"en-CA","potentialAction":[{"@type":"ReadAction","target":["https:\/\/si-51.com\/en\/operation-phenix-adonis"]}]},{"@type":"BreadcrumbList","@id":"https:\/\/si-51.com\/en\/operation-phenix-adonis#breadcrumb","itemListElement":[{"@type":"ListItem","position":1,"name":"Accueil","item":"https:\/\/si-51.com\/en"},{"@type":"ListItem","position":2,"name":"Op\u00e9ration Ph\u00e9nix &#8211; ADONIS"}]},{"@type":"WebSite","@id":"https:\/\/si-51.com\/en#website","url":"https:\/\/si-51.com\/en","name":"Soci\u00e9t\u00e9 d&#039;investigation","description":"Un site utilisant WordPress","publisher":{"@id":"https:\/\/si-51.com\/en#organization"},"inLanguage":"en-CA"},{"@type":"Organization","@id":"https:\/\/si-51.com\/en#organization","name":"Soci\u00e9t\u00e9 d&#039;investigation","url":"https:\/\/si-51.com\/en","logo":{"@type":"ImageObject","inLanguage":"en-CA","@id":"https:\/\/si-51.com\/en#\/schema\/logo\/image\/","url":"https:\/\/si-51.com\/wp-content\/uploads\/2020\/05\/logo-home.png","contentUrl":"https:\/\/si-51.com\/wp-content\/uploads\/2020\/05\/logo-home.png","width":202,"height":207,"caption":"Soci\u00e9t\u00e9 d&#039;investigation"},"image":{"@id":"https:\/\/si-51.com\/en#\/schema\/logo\/image\/"}}]}},"_links":{"self":[{"href":"https:\/\/si-51.com\/en\/wp-json\/wp\/v2\/pages\/4603","targetHints":{"allow":["GET"]}}],"collection":[{"href":"https:\/\/si-51.com\/en\/wp-json\/wp\/v2\/pages"}],"about":[{"href":"https:\/\/si-51.com\/en\/wp-json\/wp\/v2\/types\/page"}],"author":[{"embeddable":true,"href":"https:\/\/si-51.com\/en\/wp-json\/wp\/v2\/users\/3"}],"replies":[{"embeddable":true,"href":"https:\/\/si-51.com\/en\/wp-json\/wp\/v2\/comments?post=4603"}],"version-history":[{"count":0,"href":"https:\/\/si-51.com\/en\/wp-json\/wp\/v2\/pages\/4603\/revisions"}],"wp:attachment":[{"href":"https:\/\/si-51.com\/en\/wp-json\/wp\/v2\/media?parent=4603"}],"curies":[{"name":"wp","href":"https:\/\/api.w.org\/{rel}","templated":true}]}}