{"id":4604,"date":"2020-05-30T04:40:51","date_gmt":"2020-05-30T08:40:51","guid":{"rendered":"http:\/\/si-51.com\/qr\/"},"modified":"2022-06-29T10:31:22","modified_gmt":"2022-06-29T14:31:22","slug":"qr","status":"publish","type":"page","link":"https:\/\/si-51.com\/en\/qr","title":{"rendered":"F.A.Q."},"content":{"rendered":"\t\t<div data-elementor-type=\"wp-page\" data-elementor-id=\"4604\" class=\"elementor elementor-4604 elementor-36\" data-elementor-post-type=\"page\">\n\t\t\t\t\t\t<section class=\"elementor-section elementor-top-section elementor-element elementor-element-714f8e5 elementor-section-boxed elementor-section-height-default elementor-section-height-default\" data-id=\"714f8e5\" data-element_type=\"section\">\n\t\t\t\t\t\t<div class=\"elementor-container elementor-column-gap-default\">\n\t\t\t\t\t<div class=\"elementor-column elementor-col-100 elementor-top-column elementor-element elementor-element-c2a7e5d\" data-id=\"c2a7e5d\" data-element_type=\"column\">\n\t\t\t<div class=\"elementor-widget-wrap elementor-element-populated\">\n\t\t\t\t\t\t<div class=\"elementor-element elementor-element-9cc4cc5 elementor-widget elementor-widget-page-header\" data-id=\"9cc4cc5\" data-element_type=\"widget\" data-widget_type=\"page-header.default\">\n\t\t\t\t<div class=\"elementor-widget-container\">\n\t\t\t\t\t\n        <section class=\"page-header\" style=\"\n                        background-image: url('http:\/\/si-51.com\/wp-content\/uploads\/2020\/05\/site-cle-scaled.jpg');\">\n            <div class=\"page-wrapper\">\n                                    <h1>Frequently Asked Questions<\/h1>\n                            <\/div>\n        <\/section>\n\n        \t\t\t\t<\/div>\n\t\t\t\t<\/div>\n\t\t\t\t\t<\/div>\n\t\t<\/div>\n\t\t\t\t\t<\/div>\n\t\t<\/section>\n\t\t\t\t<section class=\"elementor-section elementor-top-section elementor-element elementor-element-62cab7b elementor-section-boxed elementor-section-height-default elementor-section-height-default\" data-id=\"62cab7b\" data-element_type=\"section\">\n\t\t\t\t\t\t<div class=\"elementor-container elementor-column-gap-default\">\n\t\t\t\t\t<div class=\"elementor-column elementor-col-100 elementor-top-column elementor-element elementor-element-b286d0e\" data-id=\"b286d0e\" data-element_type=\"column\">\n\t\t\t<div class=\"elementor-widget-wrap elementor-element-populated\">\n\t\t\t\t\t\t<div class=\"elementor-element elementor-element-96a0e48 elementor-widget elementor-widget-page-faq\" data-id=\"96a0e48\" data-element_type=\"widget\" data-widget_type=\"page-faq.default\">\n\t\t\t\t<div class=\"elementor-widget-container\">\n\t\t\t\t\t\n        <section class=\"page-faq section-wrapper\">\n            <div class=\"page-wrapper\">\n                <div class=\"accordion-wrapper\">\n                                            <div class=\"accordion-item\">\n                            <button type=\"button\">Who is the Society of Investigation for?<\/button>\n                            <div class=\"accordion-box\">\n                                <p><span style=\"font-weight: 400;\">Are you aged between 5 and 125 years old? The S.I. is for you!<\/span><\/p><p><span style=\"font-weight: 400;\">Do you want to entertain yourself on your own, with your family, with your friends or with your co-workers? The S.I. Is the solution!<\/span><span style=\"font-weight: 400;\"><br \/><\/span><span style=\"font-weight: 400;\">Are you a fan of escape rooms, treasure hunts, geocaching, challenges and puzzles? The S.I. will fulfill your desires.<\/span><\/p>                            <\/div>\n                        <\/div>\n                                            <div class=\"accordion-item\">\n                            <button type=\"button\">How many players are required?<\/button>\n                            <div class=\"accordion-box\">\n                                <span style=\"font-weight: 400;\">You can play alone, as a couple, with your family or with a group, anything is possible! It's up to you to decide whether you want to play individually, competitively or collaboratively.<\/span>                            <\/div>\n                        <\/div>\n                                            <div class=\"accordion-item\">\n                            <button type=\"button\">I signed up for the S.I., what happens next?<\/button>\n                            <div class=\"accordion-box\">\n                                <span style=\"font-weight: 400;\">As soon as you sign up, you will receive an automatic confirmation email to validate your S.I. Registration, as well as the information required to log into your Agent HQ.<\/span>                            <\/div>\n                        <\/div>\n                                            <div class=\"accordion-item\">\n                            <button type=\"button\">What do I need to play?<\/button>\n                            <div class=\"accordion-box\">\n                                <span style=\"font-weight: 400;\">After completing your registration to the S.I., you will only need three and a half things: a smartphone, an internet connection, a valid postal address and... your brain!<\/span>                            <\/div>\n                        <\/div>\n                                            <div class=\"accordion-item\">\n                            <button type=\"button\">Why do I need to provide a valid postal address?<\/button>\n                            <div class=\"accordion-box\">\n                                <span style=\"font-weight: 400;\">During certain operations, some equipment necessary to solving the puzzles may be sent to you by mail. It is thus essential that your postal address is valid. This does not apply for <a href=\"http:\/\/si-51.com\/operation-ouija\/\">Op\u00e9ration Ouija<\/a> and <a href=\"http:\/\/si-51.com\/operation-choeur-brise\/\">Op\u00e9ration Choeur bris\u00e9<\/a>, which are exclusively online.<\/span>                            <\/div>\n                        <\/div>\n                                            <div class=\"accordion-item\">\n                            <button type=\"button\">Do I need to move around? How many times and where?<\/button>\n                            <div class=\"accordion-box\">\n                                Certain operations will require transportation. This does not apply for Op\u00e9ration Ouija and Op\u00e9ration Choeur bris\u00e9, which are exclusively online.\n\nSometimes we launch operations that take place in real physical locations.\n\n<span style=\"font-weight: 400;\">If it is the case with the operation you selected, you must move to the locations where the operation takes place a minimum of three times per folder. If it's not possible for you, but you would still like to take part in the virtual portion of the game, we invite you to play in collaborative mode by joining a person who is able to move.<\/span>                            <\/div>\n                        <\/div>\n                                            <div class=\"accordion-item\">\n                            <button type=\"button\">What are the specific safety measures related to COVID-19?<\/button>\n                            <div class=\"accordion-box\">\n                                <span style=\"font-weight: 400;\">While some operations require you to get out of your home (this does not apply for Op\u00e9ration Choeur Bris\u00e9 and Op\u00e9ration Ouija, which are exclusively online), we encourage you to follow the safety guidelines applicable to your region. Here are a few tips to respect the current measures:<\/span>\n<ul>\n \t<li><span style=\"font-weight: 400;\">When in public, wear a mask and practice social distancing<\/span><\/li>\n \t<li><span style=\"font-weight: 400;\">When on the mission field, wash your hands frequently<\/span><\/li>\n \t<li><span style=\"font-weight: 400;\">Due to the COVID-19 pandemic, we designed puzzles that don't require you touching or manipulating objects. You can thus avoid touching anything and everything.<\/span><\/li>\n \t<li><span style=\"font-weight: 400;\">Refer to the official governmental websites to be fully aware of the laws, norms and measures currently applicable in your region.<\/span><\/li>\n<\/ul>\n<span style=\"font-weight: 400;\">Please also note that due to the pandemic, it is possible to experience postal delays. Be sure that the s.I. Will provide you with your equipment, if need be, within the best possible time frame and that we are not responsible for any postal delays.<\/span>                            <\/div>\n                        <\/div>\n                                            <div class=\"accordion-item\">\n                            <button type=\"button\">Can I start\/register anytime?<\/button>\n                            <div class=\"accordion-box\">\n                                <span style=\"font-weight: 400;\">Yes! Before or during the current operation, anytime is a good time to join the s.I. Even if the mission already begun, you will benefit from the same content and advantages as the agents who are already registered.<\/span>                            <\/div>\n                        <\/div>\n                                            <div class=\"accordion-item\">\n                            <button type=\"button\">I can't find the answer to my question...<\/button>\n                            <div class=\"accordion-box\">\n                                <span style=\"font-weight: 400;\">Have you visited the instruction section of our website? There you will find a ton of unseful information. You still can't find the answer you're looking for? Don't hesitate to send us a private message on facebook, via our page <\/span><a href=\"https:\/\/www.facebook.com\/societyofinvestigation\" target=\"_blank\" rel=\"noopener\"><b>Soci\u00e9t\u00e9 d'Investigation - SI - Chasse au tr\u00e9sor Treasure hunt<\/b><\/a> <span style=\"font-weight: 400;\">or by email at <\/span><a href=\"mailto:info@adoubletour.com\"><span style=\"font-weight: 400;\">info@adoubletour.com<\/span><\/a><span style=\"font-weight: 400;\">.<\/span>                            <\/div>\n                        <\/div>\n                                            <div class=\"accordion-item\">\n                            <button type=\"button\">Questions, comments, suggestions?<\/button>\n                            <div class=\"accordion-box\">\n                                <span style=\"font-weight: 400;\">Your comments are really important to us. They allow us to improve and to make your experience even better! To send us a private message on facebook, via the <\/span><a href=\"https:\/\/www.facebook.com\/societyofinvestigation\" target=\"_blank\" rel=\"noopener\"><b>Soci\u00e9t\u00e9 d'Investigation - SI - Chasse au tr\u00e9sor Treasure hunt<\/b><\/a> <span style=\"font-weight: 400;\">page, or by email at <\/span><a href=\"mailto:info@adoubletour.com\"><span style=\"font-weight: 400;\">info@adoubletour.com<\/span><\/a><span style=\"font-weight: 400;\">.<\/span>                            <\/div>\n                        <\/div>\n                                    <\/div>\n            <\/div>\n        <\/section>\n\n        \t\t\t\t<\/div>\n\t\t\t\t<\/div>\n\t\t\t\t\t<\/div>\n\t\t<\/div>\n\t\t\t\t\t<\/div>\n\t\t<\/section>\n\t\t\t\t<\/div>\n\t\t","protected":false},"excerpt":{"rendered":"<p>Frequently Asked Questions Who is the Society of Investigation for? Are you aged between 5 and 125 years old? The S.I. is for you! Do you want to entertain yourself on your own, with your family, with your friends or with your co-workers? The S.I. Is the solution!Are you a fan of escape rooms, treasure [&hellip;]<\/p>\n","protected":false},"author":2,"featured_media":0,"parent":0,"menu_order":0,"comment_status":"closed","ping_status":"closed","template":"","meta":{"footnotes":""},"class_list":["post-4604","page","type-page","status-publish","hentry"],"yoast_head":"<!-- This site is optimized with the Yoast SEO plugin v25.5 - https:\/\/yoast.com\/wordpress\/plugins\/seo\/ -->\n<title>F.A.Q. - Soci\u00e9t\u00e9 d&#039;investigation<\/title>\n<meta name=\"robots\" content=\"index, follow, max-snippet:-1, max-image-preview:large, max-video-preview:-1\" \/>\n<link rel=\"canonical\" href=\"https:\/\/si-51.com\/en\/qr\" \/>\n<meta property=\"og:locale\" content=\"en_US\" \/>\n<meta property=\"og:type\" content=\"article\" \/>\n<meta property=\"og:title\" content=\"F.A.Q. - Soci\u00e9t\u00e9 d&#039;investigation\" \/>\n<meta property=\"og:description\" content=\"Frequently Asked Questions Who is the Society of Investigation for? Are you aged between 5 and 125 years old? The S.I. is for you! Do you want to entertain yourself on your own, with your family, with your friends or with your co-workers? The S.I. Is the solution!Are you a fan of escape rooms, treasure [&hellip;]\" \/>\n<meta property=\"og:url\" content=\"https:\/\/si-51.com\/en\/qr\" \/>\n<meta property=\"og:site_name\" content=\"Soci\u00e9t\u00e9 d&#039;investigation\" \/>\n<meta property=\"article:modified_time\" content=\"2022-06-29T14:31:22+00:00\" \/>\n<meta name=\"twitter:card\" content=\"summary_large_image\" \/>\n<meta name=\"twitter:label1\" content=\"Est. reading time\" \/>\n\t<meta name=\"twitter:data1\" content=\"3 minutes\" \/>\n<script type=\"application\/ld+json\" class=\"yoast-schema-graph\">{\"@context\":\"https:\/\/schema.org\",\"@graph\":[{\"@type\":\"WebPage\",\"@id\":\"https:\/\/si-51.com\/en\/qr\",\"url\":\"https:\/\/si-51.com\/en\/qr\",\"name\":\"F.A.Q. - Soci\u00e9t\u00e9 d&#039;investigation\",\"isPartOf\":{\"@id\":\"https:\/\/si-51.com\/en#website\"},\"datePublished\":\"2020-05-30T08:40:51+00:00\",\"dateModified\":\"2022-06-29T14:31:22+00:00\",\"breadcrumb\":{\"@id\":\"https:\/\/si-51.com\/en\/qr#breadcrumb\"},\"inLanguage\":\"en-CA\",\"potentialAction\":[{\"@type\":\"ReadAction\",\"target\":[\"https:\/\/si-51.com\/en\/qr\"]}]},{\"@type\":\"BreadcrumbList\",\"@id\":\"https:\/\/si-51.com\/en\/qr#breadcrumb\",\"itemListElement\":[{\"@type\":\"ListItem\",\"position\":1,\"name\":\"Accueil\",\"item\":\"https:\/\/si-51.com\/en\"},{\"@type\":\"ListItem\",\"position\":2,\"name\":\"F.A.Q.\"}]},{\"@type\":\"WebSite\",\"@id\":\"https:\/\/si-51.com\/en#website\",\"url\":\"https:\/\/si-51.com\/en\",\"name\":\"Soci\u00e9t\u00e9 d&#039;investigation\",\"description\":\"Un site utilisant WordPress\",\"publisher\":{\"@id\":\"https:\/\/si-51.com\/en#organization\"},\"inLanguage\":\"en-CA\"},{\"@type\":\"Organization\",\"@id\":\"https:\/\/si-51.com\/en#organization\",\"name\":\"Soci\u00e9t\u00e9 d&#039;investigation\",\"url\":\"https:\/\/si-51.com\/en\",\"logo\":{\"@type\":\"ImageObject\",\"inLanguage\":\"en-CA\",\"@id\":\"https:\/\/si-51.com\/en#\/schema\/logo\/image\/\",\"url\":\"https:\/\/si-51.com\/wp-content\/uploads\/2020\/05\/logo-home.png\",\"contentUrl\":\"https:\/\/si-51.com\/wp-content\/uploads\/2020\/05\/logo-home.png\",\"width\":202,\"height\":207,\"caption\":\"Soci\u00e9t\u00e9 d&#039;investigation\"},\"image\":{\"@id\":\"https:\/\/si-51.com\/en#\/schema\/logo\/image\/\"}}]}<\/script>\n<!-- \/ Yoast SEO plugin. -->","yoast_head_json":{"title":"F.A.Q. - Soci\u00e9t\u00e9 d&#039;investigation","robots":{"index":"index","follow":"follow","max-snippet":"max-snippet:-1","max-image-preview":"max-image-preview:large","max-video-preview":"max-video-preview:-1"},"canonical":"https:\/\/si-51.com\/en\/qr","og_locale":"en_US","og_type":"article","og_title":"F.A.Q. - Soci\u00e9t\u00e9 d&#039;investigation","og_description":"Frequently Asked Questions Who is the Society of Investigation for? Are you aged between 5 and 125 years old? The S.I. is for you! Do you want to entertain yourself on your own, with your family, with your friends or with your co-workers? The S.I. Is the solution!Are you a fan of escape rooms, treasure [&hellip;]","og_url":"https:\/\/si-51.com\/en\/qr","og_site_name":"Soci\u00e9t\u00e9 d&#039;investigation","article_modified_time":"2022-06-29T14:31:22+00:00","twitter_card":"summary_large_image","twitter_misc":{"Est. reading time":"3 minutes"},"schema":{"@context":"https:\/\/schema.org","@graph":[{"@type":"WebPage","@id":"https:\/\/si-51.com\/en\/qr","url":"https:\/\/si-51.com\/en\/qr","name":"F.A.Q. - Soci\u00e9t\u00e9 d&#039;investigation","isPartOf":{"@id":"https:\/\/si-51.com\/en#website"},"datePublished":"2020-05-30T08:40:51+00:00","dateModified":"2022-06-29T14:31:22+00:00","breadcrumb":{"@id":"https:\/\/si-51.com\/en\/qr#breadcrumb"},"inLanguage":"en-CA","potentialAction":[{"@type":"ReadAction","target":["https:\/\/si-51.com\/en\/qr"]}]},{"@type":"BreadcrumbList","@id":"https:\/\/si-51.com\/en\/qr#breadcrumb","itemListElement":[{"@type":"ListItem","position":1,"name":"Accueil","item":"https:\/\/si-51.com\/en"},{"@type":"ListItem","position":2,"name":"F.A.Q."}]},{"@type":"WebSite","@id":"https:\/\/si-51.com\/en#website","url":"https:\/\/si-51.com\/en","name":"Soci\u00e9t\u00e9 d&#039;investigation","description":"Un site utilisant WordPress","publisher":{"@id":"https:\/\/si-51.com\/en#organization"},"inLanguage":"en-CA"},{"@type":"Organization","@id":"https:\/\/si-51.com\/en#organization","name":"Soci\u00e9t\u00e9 d&#039;investigation","url":"https:\/\/si-51.com\/en","logo":{"@type":"ImageObject","inLanguage":"en-CA","@id":"https:\/\/si-51.com\/en#\/schema\/logo\/image\/","url":"https:\/\/si-51.com\/wp-content\/uploads\/2020\/05\/logo-home.png","contentUrl":"https:\/\/si-51.com\/wp-content\/uploads\/2020\/05\/logo-home.png","width":202,"height":207,"caption":"Soci\u00e9t\u00e9 d&#039;investigation"},"image":{"@id":"https:\/\/si-51.com\/en#\/schema\/logo\/image\/"}}]}},"_links":{"self":[{"href":"https:\/\/si-51.com\/en\/wp-json\/wp\/v2\/pages\/4604","targetHints":{"allow":["GET"]}}],"collection":[{"href":"https:\/\/si-51.com\/en\/wp-json\/wp\/v2\/pages"}],"about":[{"href":"https:\/\/si-51.com\/en\/wp-json\/wp\/v2\/types\/page"}],"author":[{"embeddable":true,"href":"https:\/\/si-51.com\/en\/wp-json\/wp\/v2\/users\/2"}],"replies":[{"embeddable":true,"href":"https:\/\/si-51.com\/en\/wp-json\/wp\/v2\/comments?post=4604"}],"version-history":[{"count":0,"href":"https:\/\/si-51.com\/en\/wp-json\/wp\/v2\/pages\/4604\/revisions"}],"wp:attachment":[{"href":"https:\/\/si-51.com\/en\/wp-json\/wp\/v2\/media?parent=4604"}],"curies":[{"name":"wp","href":"https:\/\/api.w.org\/{rel}","templated":true}]}}