{"id":4610,"date":"2020-06-02T22:53:16","date_gmt":"2020-06-02T22:53:16","guid":{"rendered":"http:\/\/si-51.com\/conditions-dutilisation\/"},"modified":"2020-06-02T22:53:16","modified_gmt":"2020-06-02T22:53:16","slug":"conditions-dutilisation","status":"publish","type":"page","link":"https:\/\/si-51.com\/en\/conditions-dutilisation","title":{"rendered":"Conditions d&#8217;utilisation"},"content":{"rendered":"\t\t<div data-elementor-type=\"wp-page\" data-elementor-id=\"4610\" class=\"elementor elementor-4610 elementor-247\" data-elementor-post-type=\"page\">\n\t\t\t\t\t\t<section class=\"elementor-section elementor-top-section elementor-element elementor-element-50b1896 elementor-section-boxed elementor-section-height-default elementor-section-height-default\" data-id=\"50b1896\" data-element_type=\"section\">\n\t\t\t\t\t\t<div class=\"elementor-container elementor-column-gap-default\">\n\t\t\t\t\t<div class=\"elementor-column elementor-col-100 elementor-top-column elementor-element elementor-element-07520ff\" data-id=\"07520ff\" data-element_type=\"column\">\n\t\t\t<div class=\"elementor-widget-wrap elementor-element-populated\">\n\t\t\t\t\t\t<div class=\"elementor-element elementor-element-3810b6d elementor-widget elementor-widget-page-header\" data-id=\"3810b6d\" data-element_type=\"widget\" data-widget_type=\"page-header.default\">\n\t\t\t\t<div class=\"elementor-widget-container\">\n\t\t\t\t\t\n        <section class=\"page-header\" style=\"\n                        background-image: url('http:\/\/si-51.com\/wp-content\/uploads\/2020\/06\/ordi_reversed-scaled.jpg');\">\n            <div class=\"page-wrapper\">\n                                    <h1>Conditions d'utilisation<\/h1>\n                            <\/div>\n        <\/section>\n\n        \t\t\t\t<\/div>\n\t\t\t\t<\/div>\n\t\t\t\t\t<\/div>\n\t\t<\/div>\n\t\t\t\t\t<\/div>\n\t\t<\/section>\n\t\t\t\t<section class=\"elementor-section elementor-top-section elementor-element elementor-element-9288fac elementor-section-boxed elementor-section-height-default elementor-section-height-default\" data-id=\"9288fac\" data-element_type=\"section\">\n\t\t\t\t\t\t<div class=\"elementor-container elementor-column-gap-default\">\n\t\t\t\t\t<div class=\"elementor-column elementor-col-25 elementor-top-column elementor-element elementor-element-3527247\" data-id=\"3527247\" data-element_type=\"column\">\n\t\t\t<div class=\"elementor-widget-wrap\">\n\t\t\t\t\t\t\t<\/div>\n\t\t<\/div>\n\t\t\t\t<div class=\"elementor-column elementor-col-50 elementor-top-column elementor-element elementor-element-d77a0ee\" data-id=\"d77a0ee\" data-element_type=\"column\">\n\t\t\t<div class=\"elementor-widget-wrap elementor-element-populated\">\n\t\t\t\t\t\t<div class=\"elementor-element elementor-element-8396603 elementor-widget elementor-widget-page-base\" data-id=\"8396603\" data-element_type=\"widget\" data-widget_type=\"page-base.default\">\n\t\t\t\t<div class=\"elementor-widget-container\">\n\t\t\t\t\t\n                    <section class=\"page-base section-wrapper\">\n                    <div class=\"page-wrapper\">\n                <div>\n                    <p>En proc\u00e9dant \u00e0 l\u2019achat d\u2019un Dossier ou d\u2019une Op\u00e9ration, vous comprenez et acceptez que :<\/p><ul><li>Votre achat (inscription) est une VENTE FINALE et n\u2019est donc pas REMBOURSABLE, \u00c9CHANGEABLE OU MONNAYABLE.<\/li><li>Les activit\u00e9s propos\u00e9es par La Soci\u00e9t\u00e9 d\u2019Investigation (\u00c0 Double Tour Inc.) sont con\u00e7ues \u00e0 des fins r\u00e9cr\u00e9atives. Il n\u2019est en aucun cas n\u00e9cessaire d\u2019utiliser la force physique pour r\u00e9soudre les \u00e9nigmes. Les participants seront responsables de tout mat\u00e9riel, \u00e9quipement, d\u00e9cors, locaux, espaces ou biens publics qu\u2019ils auront endommag\u00e9s. La Soci\u00e9t\u00e9 d\u2019Investigation (\u00c0 Double Tour Inc.) ne peut \u00eatre tenu responsable des dommages physiques ou des pertes mat\u00e9rielles.<\/li><li>La Soci\u00e9t\u00e9 d\u2019Investigation (\u00c0 Double Tour Inc.) se r\u00e9serve le droit, \u00e0 tout moment, de mettre fin \u00e0 l\u2019activit\u00e9 d\u2019un participant et\/ou de bannir un participant \u00e0 toutes activit\u00e9s futures si celui-ci contrevient \u00e0 l\u2019un des r\u00e8glements ou s\u2019il est irrespectueux avec des membres du personnel, d\u2019autres joueurs, des biens ou des installations. Aucun remboursement ne sera accord\u00e9 en cas de non-respect des r\u00e8glements.<\/li><\/ul><p>En vous inscrivant \u00e0 la Soci\u00e9t\u00e9 d\u2019Investigation (SI), vous consentez \u00e0 ce que \u00c0 Double Tour Inc. utilise votre nom et\/ou votre image (photos ou vid\u00e9os) \u00e0 des fins promotionnelles.<\/p><p>Les prix des services et des produits offerts par la Soci\u00e9t\u00e9 d\u2019Investigation (\u00c0 Double Tour Inc.) sont en dollars canadiens, taxes en sus. Les prix sont sujets \u00e0 changement sans pr\u00e9avis et les services et produits seront factur\u00e9s sur la base des tarifs en vigueur au moment de l\u2019inscription.<\/p><p>Les \u00e9l\u00e9ments de jeu que vous devez recevoir par la poste seront exp\u00e9di\u00e9s le plus rapidement possible une fois l\u2019inscription trait\u00e9e. L\u2019adresse de livraison est celle fournie par le client lors de son inscription \u00e0 la Soci\u00e9t\u00e9 d\u2019Investigation. Les d\u00e9lais de livraison varient selon l\u2019adresse de livraison. La Soci\u00e9t\u00e9 d\u2019Investigation (\u00c0 Double Tour Inc.) se d\u00e9gage de toutes responsabilit\u00e9s dans le cas d\u2019un d\u00e9lai non respect\u00e9 d\u00fb \u00e0 une erreur de la part du transporteur ou du client. Si les d\u00e9lais de livraison du transporteur sont ralentis, cette situation extraordinaire est hors de notre contr\u00f4le.<\/p><p>\u00a0<\/p><h2>Mesures particuli\u00e8res en lien avec la Covid-19<\/h2><p>Bien que notre activit\u00e9 t\u2019invite \u00e0 sortir de chez toi, nous ne t\u2019incitons aucunement \u00e0 enfreindre les lois, normes et mesures en vigueur dans ta r\u00e9gion. Voici quelques conseils pour respecter les mesures actuelles:<\/p><ul><li>En public, porte un masque et respecte la distanciation sociale.<\/li><li>En mission sur le terrain, lave tes mains fr\u00e9quemment et tra\u00eene avec toi des lingettes nettoyantes.<\/li><li>En raison de la Covid-19, nous avons con\u00e7u des \u00e9nigmes pour lesquelles tu n\u2019as pas besoin de toucher ou manipuler des objets mis \u00e0 la disposition de tous. \u00c9vite donc de toucher \u00e0 tout et n\u2019importe quoi.<\/li><li>R\u00e9f\u00e8re-toi aux sites gouvernementaux afin d\u2019\u00eatre \u00e0 l\u2019aff\u00fbt des lois, normes et mesures en vigueur dans ton secteur.<\/li><\/ul><p>\u00c0 noter \u00e9galement qu\u2019en raison de la pand\u00e9mie, il est possible que les d\u00e9lais postaux soit plus \u00e9lev\u00e9 qu\u2019\u00e0 l\u2019habitude. Sois assur\u00e9 que la SI feras parvenir ton mat\u00e9riel dans les meilleurs d\u00e9lais et que nous ne sommes pas responsables des d\u00e9lais postaux.<\/p>                <\/div>\n            <\/div>\n        <\/section>\n\n        \t\t\t\t<\/div>\n\t\t\t\t<\/div>\n\t\t\t\t\t<\/div>\n\t\t<\/div>\n\t\t\t\t<div class=\"elementor-column elementor-col-25 elementor-top-column elementor-element elementor-element-4a59a75\" data-id=\"4a59a75\" data-element_type=\"column\">\n\t\t\t<div class=\"elementor-widget-wrap\">\n\t\t\t\t\t\t\t<\/div>\n\t\t<\/div>\n\t\t\t\t\t<\/div>\n\t\t<\/section>\n\t\t\t\t<\/div>\n\t\t","protected":false},"excerpt":{"rendered":"<p>Conditions d&#8217;utilisation En proc\u00e9dant \u00e0 l\u2019achat d\u2019un Dossier ou d\u2019une Op\u00e9ration, vous comprenez et acceptez que : Votre achat (inscription) est une VENTE FINALE et n\u2019est donc pas REMBOURSABLE, \u00c9CHANGEABLE OU MONNAYABLE. Les activit\u00e9s propos\u00e9es par La Soci\u00e9t\u00e9 d\u2019Investigation (\u00c0 Double Tour Inc.) sont con\u00e7ues \u00e0 des fins r\u00e9cr\u00e9atives. Il n\u2019est en aucun cas n\u00e9cessaire [&hellip;]<\/p>\n","protected":false},"author":2,"featured_media":0,"parent":0,"menu_order":0,"comment_status":"closed","ping_status":"closed","template":"","meta":{"footnotes":""},"class_list":["post-4610","page","type-page","status-publish","hentry"],"yoast_head":"<!-- This site is optimized with the Yoast SEO plugin v25.5 - https:\/\/yoast.com\/wordpress\/plugins\/seo\/ -->\n<title>Conditions d&#039;utilisation - Soci\u00e9t\u00e9 d&#039;investigation<\/title>\n<meta name=\"robots\" content=\"index, follow, max-snippet:-1, max-image-preview:large, max-video-preview:-1\" \/>\n<link rel=\"canonical\" href=\"https:\/\/si-51.com\/en\/conditions-dutilisation\" \/>\n<meta property=\"og:locale\" content=\"en_US\" \/>\n<meta property=\"og:type\" content=\"article\" \/>\n<meta property=\"og:title\" content=\"Conditions d&#039;utilisation - Soci\u00e9t\u00e9 d&#039;investigation\" \/>\n<meta property=\"og:description\" content=\"Conditions d&#8217;utilisation En proc\u00e9dant \u00e0 l\u2019achat d\u2019un Dossier ou d\u2019une Op\u00e9ration, vous comprenez et acceptez que : Votre achat (inscription) est une VENTE FINALE et n\u2019est donc pas REMBOURSABLE, \u00c9CHANGEABLE OU MONNAYABLE. Les activit\u00e9s propos\u00e9es par La Soci\u00e9t\u00e9 d\u2019Investigation (\u00c0 Double Tour Inc.) sont con\u00e7ues \u00e0 des fins r\u00e9cr\u00e9atives. Il n\u2019est en aucun cas n\u00e9cessaire [&hellip;]\" \/>\n<meta property=\"og:url\" content=\"https:\/\/si-51.com\/en\/conditions-dutilisation\" \/>\n<meta property=\"og:site_name\" content=\"Soci\u00e9t\u00e9 d&#039;investigation\" \/>\n<meta name=\"twitter:card\" content=\"summary_large_image\" \/>\n<meta name=\"twitter:label1\" content=\"Est. reading time\" \/>\n\t<meta name=\"twitter:data1\" content=\"3 minutes\" \/>\n<script type=\"application\/ld+json\" class=\"yoast-schema-graph\">{\"@context\":\"https:\/\/schema.org\",\"@graph\":[{\"@type\":\"WebPage\",\"@id\":\"https:\/\/si-51.com\/en\/conditions-dutilisation\",\"url\":\"https:\/\/si-51.com\/en\/conditions-dutilisation\",\"name\":\"Conditions d'utilisation - Soci\u00e9t\u00e9 d&#039;investigation\",\"isPartOf\":{\"@id\":\"https:\/\/si-51.com\/en#website\"},\"datePublished\":\"2020-06-02T22:53:16+00:00\",\"breadcrumb\":{\"@id\":\"https:\/\/si-51.com\/en\/conditions-dutilisation#breadcrumb\"},\"inLanguage\":\"en-CA\",\"potentialAction\":[{\"@type\":\"ReadAction\",\"target\":[\"https:\/\/si-51.com\/en\/conditions-dutilisation\"]}]},{\"@type\":\"BreadcrumbList\",\"@id\":\"https:\/\/si-51.com\/en\/conditions-dutilisation#breadcrumb\",\"itemListElement\":[{\"@type\":\"ListItem\",\"position\":1,\"name\":\"Accueil\",\"item\":\"https:\/\/si-51.com\/en\"},{\"@type\":\"ListItem\",\"position\":2,\"name\":\"Conditions d&rsquo;utilisation\"}]},{\"@type\":\"WebSite\",\"@id\":\"https:\/\/si-51.com\/en#website\",\"url\":\"https:\/\/si-51.com\/en\",\"name\":\"Soci\u00e9t\u00e9 d&#039;investigation\",\"description\":\"Un site utilisant WordPress\",\"publisher\":{\"@id\":\"https:\/\/si-51.com\/en#organization\"},\"inLanguage\":\"en-CA\"},{\"@type\":\"Organization\",\"@id\":\"https:\/\/si-51.com\/en#organization\",\"name\":\"Soci\u00e9t\u00e9 d&#039;investigation\",\"url\":\"https:\/\/si-51.com\/en\",\"logo\":{\"@type\":\"ImageObject\",\"inLanguage\":\"en-CA\",\"@id\":\"https:\/\/si-51.com\/en#\/schema\/logo\/image\/\",\"url\":\"https:\/\/si-51.com\/wp-content\/uploads\/2020\/05\/logo-home.png\",\"contentUrl\":\"https:\/\/si-51.com\/wp-content\/uploads\/2020\/05\/logo-home.png\",\"width\":202,\"height\":207,\"caption\":\"Soci\u00e9t\u00e9 d&#039;investigation\"},\"image\":{\"@id\":\"https:\/\/si-51.com\/en#\/schema\/logo\/image\/\"}}]}<\/script>\n<!-- \/ Yoast SEO plugin. -->","yoast_head_json":{"title":"Conditions d'utilisation - Soci\u00e9t\u00e9 d&#039;investigation","robots":{"index":"index","follow":"follow","max-snippet":"max-snippet:-1","max-image-preview":"max-image-preview:large","max-video-preview":"max-video-preview:-1"},"canonical":"https:\/\/si-51.com\/en\/conditions-dutilisation","og_locale":"en_US","og_type":"article","og_title":"Conditions d'utilisation - Soci\u00e9t\u00e9 d&#039;investigation","og_description":"Conditions d&#8217;utilisation En proc\u00e9dant \u00e0 l\u2019achat d\u2019un Dossier ou d\u2019une Op\u00e9ration, vous comprenez et acceptez que : Votre achat (inscription) est une VENTE FINALE et n\u2019est donc pas REMBOURSABLE, \u00c9CHANGEABLE OU MONNAYABLE. Les activit\u00e9s propos\u00e9es par La Soci\u00e9t\u00e9 d\u2019Investigation (\u00c0 Double Tour Inc.) sont con\u00e7ues \u00e0 des fins r\u00e9cr\u00e9atives. Il n\u2019est en aucun cas n\u00e9cessaire [&hellip;]","og_url":"https:\/\/si-51.com\/en\/conditions-dutilisation","og_site_name":"Soci\u00e9t\u00e9 d&#039;investigation","twitter_card":"summary_large_image","twitter_misc":{"Est. reading time":"3 minutes"},"schema":{"@context":"https:\/\/schema.org","@graph":[{"@type":"WebPage","@id":"https:\/\/si-51.com\/en\/conditions-dutilisation","url":"https:\/\/si-51.com\/en\/conditions-dutilisation","name":"Conditions d'utilisation - Soci\u00e9t\u00e9 d&#039;investigation","isPartOf":{"@id":"https:\/\/si-51.com\/en#website"},"datePublished":"2020-06-02T22:53:16+00:00","breadcrumb":{"@id":"https:\/\/si-51.com\/en\/conditions-dutilisation#breadcrumb"},"inLanguage":"en-CA","potentialAction":[{"@type":"ReadAction","target":["https:\/\/si-51.com\/en\/conditions-dutilisation"]}]},{"@type":"BreadcrumbList","@id":"https:\/\/si-51.com\/en\/conditions-dutilisation#breadcrumb","itemListElement":[{"@type":"ListItem","position":1,"name":"Accueil","item":"https:\/\/si-51.com\/en"},{"@type":"ListItem","position":2,"name":"Conditions d&rsquo;utilisation"}]},{"@type":"WebSite","@id":"https:\/\/si-51.com\/en#website","url":"https:\/\/si-51.com\/en","name":"Soci\u00e9t\u00e9 d&#039;investigation","description":"Un site utilisant WordPress","publisher":{"@id":"https:\/\/si-51.com\/en#organization"},"inLanguage":"en-CA"},{"@type":"Organization","@id":"https:\/\/si-51.com\/en#organization","name":"Soci\u00e9t\u00e9 d&#039;investigation","url":"https:\/\/si-51.com\/en","logo":{"@type":"ImageObject","inLanguage":"en-CA","@id":"https:\/\/si-51.com\/en#\/schema\/logo\/image\/","url":"https:\/\/si-51.com\/wp-content\/uploads\/2020\/05\/logo-home.png","contentUrl":"https:\/\/si-51.com\/wp-content\/uploads\/2020\/05\/logo-home.png","width":202,"height":207,"caption":"Soci\u00e9t\u00e9 d&#039;investigation"},"image":{"@id":"https:\/\/si-51.com\/en#\/schema\/logo\/image\/"}}]}},"_links":{"self":[{"href":"https:\/\/si-51.com\/en\/wp-json\/wp\/v2\/pages\/4610","targetHints":{"allow":["GET"]}}],"collection":[{"href":"https:\/\/si-51.com\/en\/wp-json\/wp\/v2\/pages"}],"about":[{"href":"https:\/\/si-51.com\/en\/wp-json\/wp\/v2\/types\/page"}],"author":[{"embeddable":true,"href":"https:\/\/si-51.com\/en\/wp-json\/wp\/v2\/users\/2"}],"replies":[{"embeddable":true,"href":"https:\/\/si-51.com\/en\/wp-json\/wp\/v2\/comments?post=4610"}],"version-history":[{"count":0,"href":"https:\/\/si-51.com\/en\/wp-json\/wp\/v2\/pages\/4610\/revisions"}],"wp:attachment":[{"href":"https:\/\/si-51.com\/en\/wp-json\/wp\/v2\/media?parent=4610"}],"curies":[{"name":"wp","href":"https:\/\/api.w.org\/{rel}","templated":true}]}}