{"id":4666,"date":"2022-06-22T14:55:57","date_gmt":"2022-06-22T18:55:57","guid":{"rendered":"http:\/\/si-51.com\/?page_id=4666"},"modified":"2022-06-22T15:19:52","modified_gmt":"2022-06-22T19:19:52","slug":"lssr-image-spectrale-jb-laliberte","status":"publish","type":"page","link":"https:\/\/si-51.com\/en\/archives\/lssr-image-spectrale-jb-laliberte","title":{"rendered":"The Spectres of St-Roch &#8211; Spectral image, JB Lalibert\u00e9"},"content":{"rendered":"\n<div class=\"wp-block-image\"><figure class=\"aligncenter size-large\"><img fetchpriority=\"high\" decoding=\"async\" width=\"796\" height=\"1024\" src=\"http:\/\/si-51.com\/wp-content\/uploads\/2022\/06\/ENIGME-5-1-1-ENG-796x1024.jpg\" alt=\"\" class=\"wp-image-4650\" srcset=\"https:\/\/si-51.com\/wp-content\/uploads\/2022\/06\/ENIGME-5-1-1-ENG-796x1024.jpg 796w, https:\/\/si-51.com\/wp-content\/uploads\/2022\/06\/ENIGME-5-1-1-ENG-233x300.jpg 233w, https:\/\/si-51.com\/wp-content\/uploads\/2022\/06\/ENIGME-5-1-1-ENG-768x988.jpg 768w, https:\/\/si-51.com\/wp-content\/uploads\/2022\/06\/ENIGME-5-1-1-ENG-1194x1536.jpg 1194w, https:\/\/si-51.com\/wp-content\/uploads\/2022\/06\/ENIGME-5-1-1-ENG-600x772.jpg 600w, https:\/\/si-51.com\/wp-content\/uploads\/2022\/06\/ENIGME-5-1-1-ENG.jpg 1313w\" sizes=\"(max-width: 796px) 100vw, 796px\" \/><\/figure><\/div>\n\n\n\n<p><\/p>\n","protected":false},"excerpt":{"rendered":"","protected":false},"author":3,"featured_media":0,"parent":4685,"menu_order":0,"comment_status":"closed","ping_status":"closed","template":"template-qg-enigme.php","meta":{"footnotes":""},"class_list":["post-4666","page","type-page","status-publish","hentry"],"yoast_head":"<!-- This site is optimized with the Yoast SEO plugin v25.5 - https:\/\/yoast.com\/wordpress\/plugins\/seo\/ -->\n<title>The Spectres of St-Roch - Spectral image, JB Lalibert\u00e9 - Soci\u00e9t\u00e9 d&#039;investigation<\/title>\n<meta name=\"robots\" content=\"index, follow, max-snippet:-1, max-image-preview:large, max-video-preview:-1\" \/>\n<link rel=\"canonical\" href=\"https:\/\/si-51.com\/en\/archives\/lssr-image-spectrale-jb-laliberte\" \/>\n<meta property=\"og:locale\" content=\"en_US\" \/>\n<meta property=\"og:type\" content=\"article\" \/>\n<meta property=\"og:title\" content=\"The Spectres of St-Roch - Spectral image, JB Lalibert\u00e9 - Soci\u00e9t\u00e9 d&#039;investigation\" \/>\n<meta property=\"og:url\" content=\"https:\/\/si-51.com\/en\/archives\/lssr-image-spectrale-jb-laliberte\" \/>\n<meta property=\"og:site_name\" content=\"Soci\u00e9t\u00e9 d&#039;investigation\" \/>\n<meta property=\"article:modified_time\" content=\"2022-06-22T19:19:52+00:00\" \/>\n<meta property=\"og:image\" content=\"http:\/\/si-51.com\/wp-content\/uploads\/2022\/06\/ENIGME-5-1-1-ENG-796x1024.jpg\" \/>\n<meta name=\"twitter:card\" content=\"summary_large_image\" \/>\n<meta name=\"twitter:label1\" content=\"Est. reading time\" \/>\n\t<meta name=\"twitter:data1\" content=\"1 minute\" \/>\n<script type=\"application\/ld+json\" class=\"yoast-schema-graph\">{\"@context\":\"https:\/\/schema.org\",\"@graph\":[{\"@type\":\"WebPage\",\"@id\":\"https:\/\/si-51.com\/en\/archives\/lssr-image-spectrale-jb-laliberte\",\"url\":\"https:\/\/si-51.com\/en\/archives\/lssr-image-spectrale-jb-laliberte\",\"name\":\"The Spectres of St-Roch - Spectral image, JB Lalibert\u00e9 - Soci\u00e9t\u00e9 d&#039;investigation\",\"isPartOf\":{\"@id\":\"https:\/\/si-51.com\/en#website\"},\"primaryImageOfPage\":{\"@id\":\"https:\/\/si-51.com\/en\/archives\/lssr-image-spectrale-jb-laliberte#primaryimage\"},\"image\":{\"@id\":\"https:\/\/si-51.com\/en\/archives\/lssr-image-spectrale-jb-laliberte#primaryimage\"},\"thumbnailUrl\":\"http:\/\/si-51.com\/wp-content\/uploads\/2022\/06\/ENIGME-5-1-1-ENG-796x1024.jpg\",\"datePublished\":\"2022-06-22T18:55:57+00:00\",\"dateModified\":\"2022-06-22T19:19:52+00:00\",\"breadcrumb\":{\"@id\":\"https:\/\/si-51.com\/en\/archives\/lssr-image-spectrale-jb-laliberte#breadcrumb\"},\"inLanguage\":\"en-CA\",\"potentialAction\":[{\"@type\":\"ReadAction\",\"target\":[\"https:\/\/si-51.com\/en\/archives\/lssr-image-spectrale-jb-laliberte\"]}]},{\"@type\":\"ImageObject\",\"inLanguage\":\"en-CA\",\"@id\":\"https:\/\/si-51.com\/en\/archives\/lssr-image-spectrale-jb-laliberte#primaryimage\",\"url\":\"http:\/\/si-51.com\/wp-content\/uploads\/2022\/06\/ENIGME-5-1-1-ENG-796x1024.jpg\",\"contentUrl\":\"http:\/\/si-51.com\/wp-content\/uploads\/2022\/06\/ENIGME-5-1-1-ENG-796x1024.jpg\"},{\"@type\":\"BreadcrumbList\",\"@id\":\"https:\/\/si-51.com\/en\/archives\/lssr-image-spectrale-jb-laliberte#breadcrumb\",\"itemListElement\":[{\"@type\":\"ListItem\",\"position\":1,\"name\":\"Accueil\",\"item\":\"https:\/\/si-51.com\/en\"},{\"@type\":\"ListItem\",\"position\":2,\"name\":\"Archives\",\"item\":\"https:\/\/si-51.com\/en\/archives\"},{\"@type\":\"ListItem\",\"position\":3,\"name\":\"The Spectres of St-Roch &#8211; Spectral image, JB Lalibert\u00e9\"}]},{\"@type\":\"WebSite\",\"@id\":\"https:\/\/si-51.com\/en#website\",\"url\":\"https:\/\/si-51.com\/en\",\"name\":\"Soci\u00e9t\u00e9 d&#039;investigation\",\"description\":\"Un site utilisant WordPress\",\"publisher\":{\"@id\":\"https:\/\/si-51.com\/en#organization\"},\"inLanguage\":\"en-CA\"},{\"@type\":\"Organization\",\"@id\":\"https:\/\/si-51.com\/en#organization\",\"name\":\"Soci\u00e9t\u00e9 d&#039;investigation\",\"url\":\"https:\/\/si-51.com\/en\",\"logo\":{\"@type\":\"ImageObject\",\"inLanguage\":\"en-CA\",\"@id\":\"https:\/\/si-51.com\/en#\/schema\/logo\/image\/\",\"url\":\"https:\/\/si-51.com\/wp-content\/uploads\/2020\/05\/logo-home.png\",\"contentUrl\":\"https:\/\/si-51.com\/wp-content\/uploads\/2020\/05\/logo-home.png\",\"width\":202,\"height\":207,\"caption\":\"Soci\u00e9t\u00e9 d&#039;investigation\"},\"image\":{\"@id\":\"https:\/\/si-51.com\/en#\/schema\/logo\/image\/\"}}]}<\/script>\n<!-- \/ Yoast SEO plugin. -->","yoast_head_json":{"title":"The Spectres of St-Roch - Spectral image, JB Lalibert\u00e9 - Soci\u00e9t\u00e9 d&#039;investigation","robots":{"index":"index","follow":"follow","max-snippet":"max-snippet:-1","max-image-preview":"max-image-preview:large","max-video-preview":"max-video-preview:-1"},"canonical":"https:\/\/si-51.com\/en\/archives\/lssr-image-spectrale-jb-laliberte","og_locale":"en_US","og_type":"article","og_title":"The Spectres of St-Roch - Spectral image, JB Lalibert\u00e9 - Soci\u00e9t\u00e9 d&#039;investigation","og_url":"https:\/\/si-51.com\/en\/archives\/lssr-image-spectrale-jb-laliberte","og_site_name":"Soci\u00e9t\u00e9 d&#039;investigation","article_modified_time":"2022-06-22T19:19:52+00:00","og_image":[{"url":"http:\/\/si-51.com\/wp-content\/uploads\/2022\/06\/ENIGME-5-1-1-ENG-796x1024.jpg","type":"","width":"","height":""}],"twitter_card":"summary_large_image","twitter_misc":{"Est. reading time":"1 minute"},"schema":{"@context":"https:\/\/schema.org","@graph":[{"@type":"WebPage","@id":"https:\/\/si-51.com\/en\/archives\/lssr-image-spectrale-jb-laliberte","url":"https:\/\/si-51.com\/en\/archives\/lssr-image-spectrale-jb-laliberte","name":"The Spectres of St-Roch - Spectral image, JB Lalibert\u00e9 - Soci\u00e9t\u00e9 d&#039;investigation","isPartOf":{"@id":"https:\/\/si-51.com\/en#website"},"primaryImageOfPage":{"@id":"https:\/\/si-51.com\/en\/archives\/lssr-image-spectrale-jb-laliberte#primaryimage"},"image":{"@id":"https:\/\/si-51.com\/en\/archives\/lssr-image-spectrale-jb-laliberte#primaryimage"},"thumbnailUrl":"http:\/\/si-51.com\/wp-content\/uploads\/2022\/06\/ENIGME-5-1-1-ENG-796x1024.jpg","datePublished":"2022-06-22T18:55:57+00:00","dateModified":"2022-06-22T19:19:52+00:00","breadcrumb":{"@id":"https:\/\/si-51.com\/en\/archives\/lssr-image-spectrale-jb-laliberte#breadcrumb"},"inLanguage":"en-CA","potentialAction":[{"@type":"ReadAction","target":["https:\/\/si-51.com\/en\/archives\/lssr-image-spectrale-jb-laliberte"]}]},{"@type":"ImageObject","inLanguage":"en-CA","@id":"https:\/\/si-51.com\/en\/archives\/lssr-image-spectrale-jb-laliberte#primaryimage","url":"http:\/\/si-51.com\/wp-content\/uploads\/2022\/06\/ENIGME-5-1-1-ENG-796x1024.jpg","contentUrl":"http:\/\/si-51.com\/wp-content\/uploads\/2022\/06\/ENIGME-5-1-1-ENG-796x1024.jpg"},{"@type":"BreadcrumbList","@id":"https:\/\/si-51.com\/en\/archives\/lssr-image-spectrale-jb-laliberte#breadcrumb","itemListElement":[{"@type":"ListItem","position":1,"name":"Accueil","item":"https:\/\/si-51.com\/en"},{"@type":"ListItem","position":2,"name":"Archives","item":"https:\/\/si-51.com\/en\/archives"},{"@type":"ListItem","position":3,"name":"The Spectres of St-Roch &#8211; Spectral image, JB Lalibert\u00e9"}]},{"@type":"WebSite","@id":"https:\/\/si-51.com\/en#website","url":"https:\/\/si-51.com\/en","name":"Soci\u00e9t\u00e9 d&#039;investigation","description":"Un site utilisant WordPress","publisher":{"@id":"https:\/\/si-51.com\/en#organization"},"inLanguage":"en-CA"},{"@type":"Organization","@id":"https:\/\/si-51.com\/en#organization","name":"Soci\u00e9t\u00e9 d&#039;investigation","url":"https:\/\/si-51.com\/en","logo":{"@type":"ImageObject","inLanguage":"en-CA","@id":"https:\/\/si-51.com\/en#\/schema\/logo\/image\/","url":"https:\/\/si-51.com\/wp-content\/uploads\/2020\/05\/logo-home.png","contentUrl":"https:\/\/si-51.com\/wp-content\/uploads\/2020\/05\/logo-home.png","width":202,"height":207,"caption":"Soci\u00e9t\u00e9 d&#039;investigation"},"image":{"@id":"https:\/\/si-51.com\/en#\/schema\/logo\/image\/"}}]}},"_links":{"self":[{"href":"https:\/\/si-51.com\/en\/wp-json\/wp\/v2\/pages\/4666","targetHints":{"allow":["GET"]}}],"collection":[{"href":"https:\/\/si-51.com\/en\/wp-json\/wp\/v2\/pages"}],"about":[{"href":"https:\/\/si-51.com\/en\/wp-json\/wp\/v2\/types\/page"}],"author":[{"embeddable":true,"href":"https:\/\/si-51.com\/en\/wp-json\/wp\/v2\/users\/3"}],"replies":[{"embeddable":true,"href":"https:\/\/si-51.com\/en\/wp-json\/wp\/v2\/comments?post=4666"}],"version-history":[{"count":0,"href":"https:\/\/si-51.com\/en\/wp-json\/wp\/v2\/pages\/4666\/revisions"}],"up":[{"embeddable":true,"href":"https:\/\/si-51.com\/en\/wp-json\/wp\/v2\/pages\/4685"}],"wp:attachment":[{"href":"https:\/\/si-51.com\/en\/wp-json\/wp\/v2\/media?parent=4666"}],"curies":[{"name":"wp","href":"https:\/\/api.w.org\/{rel}","templated":true}]}}